{"id":931,"date":"2023-07-16T05:58:29","date_gmt":"2023-07-16T10:58:29","guid":{"rendered":"https:\/\/clubdeclasesypolicias.com.ec\/?page_id=931"},"modified":"2023-09-27T12:02:01","modified_gmt":"2023-09-27T17:02:01","slug":"institucion","status":"publish","type":"page","link":"https:\/\/clubdeclasesypolicias.com.ec\/index.php\/institucion\/","title":{"rendered":"Instituci\u00f3n"},"content":{"rendered":"\t\t<div data-elementor-type=\"wp-page\" data-elementor-id=\"931\" class=\"elementor elementor-931\" data-elementor-post-type=\"page\">\n\t\t\t\t\t\t\t\t\t<section class=\"elementor-section elementor-top-section elementor-element elementor-element-f29ef1e elementor-section-boxed elementor-section-height-default elementor-section-height-default\" data-id=\"f29ef1e\" data-element_type=\"section\">\n\t\t\t\t\t\t<div class=\"elementor-container elementor-column-gap-default\">\n\t\t\t\t\t<div class=\"elementor-column elementor-col-100 elementor-top-column elementor-element elementor-element-28ffe1d\" data-id=\"28ffe1d\" data-element_type=\"column\">\n\t\t\t<div class=\"elementor-widget-wrap elementor-element-populated\">\n\t\t\t\t\t\t\t\t<div class=\"elementor-element elementor-element-fec9724 elementor-widget elementor-widget-theme-post-title elementor-page-title elementor-widget-heading\" data-id=\"fec9724\" data-element_type=\"widget\" data-widget_type=\"theme-post-title.default\">\n\t\t\t\t<div class=\"elementor-widget-container\">\n\t\t\t<style>\/*! elementor - v3.18.0 - 20-12-2023 *\/\n.elementor-heading-title{padding:0;margin:0;line-height:1}.elementor-widget-heading .elementor-heading-title[class*=elementor-size-]>a{color:inherit;font-size:inherit;line-height:inherit}.elementor-widget-heading .elementor-heading-title.elementor-size-small{font-size:15px}.elementor-widget-heading .elementor-heading-title.elementor-size-medium{font-size:19px}.elementor-widget-heading .elementor-heading-title.elementor-size-large{font-size:29px}.elementor-widget-heading .elementor-heading-title.elementor-size-xl{font-size:39px}.elementor-widget-heading .elementor-heading-title.elementor-size-xxl{font-size:59px}<\/style><h1 class=\"elementor-heading-title elementor-size-default\">Instituci\u00f3n<\/h1>\t\t<\/div>\n\t\t\t\t<\/div>\n\t\t\t\t\t<\/div>\n\t\t<\/div>\n\t\t\t\t\t\t\t<\/div>\n\t\t<\/section>\n\t\t\t\t<section class=\"elementor-section elementor-top-section elementor-element elementor-element-50d61ee elementor-section-full_width elementor-section-height-min-height elementor-section-height-default elementor-section-items-middle\" data-id=\"50d61ee\" data-element_type=\"section\">\n\t\t\t\t\t\t<div class=\"elementor-container elementor-column-gap-default\">\n\t\t\t\t\t<div class=\"elementor-column elementor-col-100 elementor-top-column elementor-element elementor-element-30ccab62\" data-id=\"30ccab62\" data-element_type=\"column\">\n\t\t\t<div class=\"elementor-widget-wrap elementor-element-populated\">\n\t\t\t\t\t\t\t\t<section class=\"elementor-section elementor-inner-section elementor-element elementor-element-15ae3414 elementor-section-boxed elementor-section-height-default elementor-section-height-default\" data-id=\"15ae3414\" data-element_type=\"section\" data-settings=\"{&quot;animation&quot;:&quot;none&quot;}\">\n\t\t\t\t\t\t<div class=\"elementor-container elementor-column-gap-no\">\n\t\t\t\t\t<div class=\"elementor-column elementor-col-33 elementor-inner-column elementor-element elementor-element-60129238 elementor-invisible\" data-id=\"60129238\" data-element_type=\"column\" data-settings=\"{&quot;background_background&quot;:&quot;classic&quot;,&quot;animation&quot;:&quot;fadeInLeft&quot;}\">\n\t\t\t<div class=\"elementor-widget-wrap elementor-element-populated\">\n\t\t\t\t\t\t\t\t<div class=\"elementor-element elementor-element-2056ae03 jkit-equal-height-disable elementor-widget elementor-widget-jkit_icon_box\" data-id=\"2056ae03\" data-element_type=\"widget\" data-widget_type=\"jkit_icon_box.default\">\n\t\t\t\t<div class=\"elementor-widget-container\">\n\t\t\t<div  class=\"jeg-elementor-kit jkit-icon-box icon-position- elementor-animation- jeg_module___69e59a3388579\" ><div class=\"jkit-icon-box-wrapper hover-from-left\"><div class=\"icon-box icon-box-header elementor-animation-float\"><div class=\"icon style-color\"><\/div><\/div><div class=\"icon-box icon-box-body\">\n                <h3 class=\"title\">\u00bfQui\u00e9nes somos?\u200b<\/h3><p class=\"icon-box-description\">El Club de Clases y Polic\u00edas de la polic\u00eda nacional inicio el 26 de febrero del a\u00f1o 1988.<br \/>\nResultado del esfuerzo y trabajo de un grupo min\u00fasculo de personas visionarias que so\u00f1aron con hacer nacer de la nada a una Entidad que sea propia, con su personer\u00eda jur\u00eddica, y el apoyo de todos los miembros de Tropa (ahora Clases y Polic\u00edas)<\/p>\n            <\/div>\n            \n            <\/div><\/div>\t\t<\/div>\n\t\t\t\t<\/div>\n\t\t\t\t\t<\/div>\n\t\t<\/div>\n\t\t\t\t<div class=\"elementor-column elementor-col-33 elementor-inner-column elementor-element elementor-element-1835488 elementor-invisible\" data-id=\"1835488\" data-element_type=\"column\" data-settings=\"{&quot;background_background&quot;:&quot;classic&quot;,&quot;animation&quot;:&quot;fadeInUp&quot;}\">\n\t\t\t<div class=\"elementor-widget-wrap elementor-element-populated\">\n\t\t\t\t\t\t\t\t<div class=\"elementor-element elementor-element-bd5d0c9 jkit-equal-height-disable elementor-invisible elementor-widget elementor-widget-jkit_icon_box\" data-id=\"bd5d0c9\" data-element_type=\"widget\" data-settings=\"{&quot;_animation&quot;:&quot;fadeInUp&quot;}\" data-widget_type=\"jkit_icon_box.default\">\n\t\t\t\t<div class=\"elementor-widget-container\">\n\t\t\t<div  class=\"jeg-elementor-kit jkit-icon-box icon-position- elementor-animation- jeg_module__1_69e59a3388fb1\" ><div class=\"jkit-icon-box-wrapper hover-from-left\"><div class=\"icon-box icon-box-header elementor-animation-float\"><div class=\"icon style-color\"><\/div><\/div><div class=\"icon-box icon-box-body\">\n                <h3 class=\"title\">Nuestra Visi\u00f3n<\/h3><p class=\"icon-box-description\">El Club de Clases y Polic\u00edas ser\u00e1 una organizaci\u00f3n s\u00f3lida, con presencia a nivel nacional, Brindando a sus asociados servicios y beneficios de calidad, con la perspectiva de mejoramiento continuo y s\u00f3lidos principios \u00e9ticos y human\u00edsticos.<br \/>\n<br \/>\n<\/p>\n            <\/div>\n            \n            <\/div><\/div>\t\t<\/div>\n\t\t\t\t<\/div>\n\t\t\t\t\t<\/div>\n\t\t<\/div>\n\t\t\t\t<div class=\"elementor-column elementor-col-33 elementor-inner-column elementor-element elementor-element-362158f2 elementor-invisible\" data-id=\"362158f2\" data-element_type=\"column\" data-settings=\"{&quot;background_background&quot;:&quot;classic&quot;,&quot;animation&quot;:&quot;fadeInRight&quot;}\">\n\t\t\t<div class=\"elementor-widget-wrap elementor-element-populated\">\n\t\t\t\t\t\t\t\t<div class=\"elementor-element elementor-element-48b34be jkit-equal-height-disable elementor-invisible elementor-widget elementor-widget-jkit_icon_box\" data-id=\"48b34be\" data-element_type=\"widget\" data-settings=\"{&quot;_animation&quot;:&quot;fadeInUp&quot;}\" data-widget_type=\"jkit_icon_box.default\">\n\t\t\t\t<div class=\"elementor-widget-container\">\n\t\t\t<div  class=\"jeg-elementor-kit jkit-icon-box icon-position- elementor-animation- jeg_module__2_69e59a33899a0\" ><div class=\"jkit-icon-box-wrapper hover-from-left\"><div class=\"icon-box icon-box-header elementor-animation-float\"><div class=\"icon style-color\"><\/div><\/div><div class=\"icon-box icon-box-body\">\n                <h3 class=\"title\">Nuestra Misi\u00f3n<\/h3><p class=\"icon-box-description\">Contribuir con el desarrollo socio-cultural de sus asociados, a trav\u00e9s de la entrega oportuna de servicios, beneficios y atenci\u00f3n personalizada de calidad, administrando y optimizando los recursos existentes, a fin de destinarlos a cumplir objetivos de inter\u00e9s com\u00fan.<br \/>\n<\/p>\n            <\/div>\n            \n            <\/div><\/div>\t\t<\/div>\n\t\t\t\t<\/div>\n\t\t\t\t\t<\/div>\n\t\t<\/div>\n\t\t\t\t\t\t\t<\/div>\n\t\t<\/section>\n\t\t\t\t\t<\/div>\n\t\t<\/div>\n\t\t\t\t\t\t\t<\/div>\n\t\t<\/section>\n\t\t\t\t<section class=\"elementor-section elementor-top-section elementor-element elementor-element-164658d9 elementor-section-full_width elementor-section-height-default elementor-section-height-default\" data-id=\"164658d9\" data-element_type=\"section\">\n\t\t\t\t\t\t<div class=\"elementor-container elementor-column-gap-default\">\n\t\t\t\t\t<div class=\"elementor-column elementor-col-50 elementor-top-column elementor-element elementor-element-43155c7e\" data-id=\"43155c7e\" data-element_type=\"column\">\n\t\t\t<div class=\"elementor-widget-wrap elementor-element-populated\">\n\t\t\t\t\t\t\t\t<div class=\"elementor-element elementor-element-39de29cc animated-slow elementor-invisible elementor-widget elementor-widget-jkit_heading\" data-id=\"39de29cc\" data-element_type=\"widget\" data-settings=\"{&quot;_animation&quot;:&quot;fadeInLeft&quot;}\" data-widget_type=\"jkit_heading.default\">\n\t\t\t\t<div class=\"elementor-widget-container\">\n\t\t\t<div  class=\"jeg-elementor-kit jkit-heading  align-left align-tablet- align-mobile- jeg_module__3_69e59a338b802\" ><h3 class=\"heading-section-subtitle  style-color\">Autoridades<\/h3><div class=\"heading-section-title  display-inline-block\"><h2 class=\"heading-title\">Directorio Nacional<\/h2><\/div><div class=\"heading-section-description\"><p style=\"text-align: justify\">Aqu\u00ed tenemos a los honorables miembros que conforman el Directorio Nacional del Club de Clases y Polic\u00edas.<\/p><\/div><\/div>\t\t<\/div>\n\t\t\t\t<\/div>\n\t\t\t\t<div class=\"elementor-element elementor-element-2ca16e7e elementor-widget__width-auto elementor-invisible elementor-widget elementor-widget-jkit_button\" data-id=\"2ca16e7e\" data-element_type=\"widget\" data-settings=\"{&quot;_animation&quot;:&quot;fadeInUp&quot;}\" data-widget_type=\"jkit_button.default\">\n\t\t\t\t<div class=\"elementor-widget-container\">\n\t\t\t<div  class=\"jeg-elementor-kit jkit-button  icon-position-after jeg_module__4_69e59a338c3a3\" ><a href=\"https:\/\/clubdeclasesypolicias.com.ec\/index.php\/autoridades\/\"  class=\"jkit-button-wrapper\"  >Leer M\u00e1s<i aria-hidden=\"true\" class=\"jki jki-arrow-right-light\"><\/i><\/a><\/div>\t\t<\/div>\n\t\t\t\t<\/div>\n\t\t\t\t\t<\/div>\n\t\t<\/div>\n\t\t\t\t<div class=\"elementor-column elementor-col-50 elementor-top-column elementor-element elementor-element-7681fbde\" data-id=\"7681fbde\" data-element_type=\"column\" data-settings=\"{&quot;background_background&quot;:&quot;classic&quot;}\">\n\t\t\t<div class=\"elementor-widget-wrap elementor-element-populated\">\n\t\t\t\t\t\t\t\t<div class=\"elementor-element elementor-element-7d92ffc2 elementor-widget elementor-widget-spacer\" data-id=\"7d92ffc2\" data-element_type=\"widget\" data-widget_type=\"spacer.default\">\n\t\t\t\t<div class=\"elementor-widget-container\">\n\t\t\t<style>\/*! elementor - v3.18.0 - 20-12-2023 *\/\n.elementor-column .elementor-spacer-inner{height:var(--spacer-size)}.e-con{--container-widget-width:100%}.e-con-inner>.elementor-widget-spacer,.e-con>.elementor-widget-spacer{width:var(--container-widget-width,var(--spacer-size));--align-self:var(--container-widget-align-self,initial);--flex-shrink:0}.e-con-inner>.elementor-widget-spacer>.elementor-widget-container,.e-con>.elementor-widget-spacer>.elementor-widget-container{height:100%;width:100%}.e-con-inner>.elementor-widget-spacer>.elementor-widget-container>.elementor-spacer,.e-con>.elementor-widget-spacer>.elementor-widget-container>.elementor-spacer{height:100%}.e-con-inner>.elementor-widget-spacer>.elementor-widget-container>.elementor-spacer>.elementor-spacer-inner,.e-con>.elementor-widget-spacer>.elementor-widget-container>.elementor-spacer>.elementor-spacer-inner{height:var(--container-widget-height,var(--spacer-size))}.e-con-inner>.elementor-widget-spacer.elementor-widget-empty,.e-con>.elementor-widget-spacer.elementor-widget-empty{position:relative;min-height:22px;min-width:22px}.e-con-inner>.elementor-widget-spacer.elementor-widget-empty .elementor-widget-empty-icon,.e-con>.elementor-widget-spacer.elementor-widget-empty .elementor-widget-empty-icon{position:absolute;top:0;bottom:0;left:0;right:0;margin:auto;padding:0;width:22px;height:22px}<\/style>\t\t<div class=\"elementor-spacer\">\n\t\t\t<div class=\"elementor-spacer-inner\"><\/div>\n\t\t<\/div>\n\t\t\t\t<\/div>\n\t\t\t\t<\/div>\n\t\t\t\t\t<\/div>\n\t\t<\/div>\n\t\t\t\t\t\t\t<\/div>\n\t\t<\/section>\n\t\t\t\t<section class=\"elementor-section elementor-top-section elementor-element elementor-element-a91b4f2 elementor-section-full_width elementor-section-height-default elementor-section-height-default\" data-id=\"a91b4f2\" data-element_type=\"section\">\n\t\t\t\t\t\t<div class=\"elementor-container elementor-column-gap-default\">\n\t\t\t\t\t<div class=\"elementor-column elementor-col-50 elementor-top-column elementor-element elementor-element-002f3ca\" data-id=\"002f3ca\" data-element_type=\"column\">\n\t\t\t<div class=\"elementor-widget-wrap elementor-element-populated\">\n\t\t\t\t\t\t\t\t<div class=\"elementor-element elementor-element-6d8c258 animated-slow elementor-invisible elementor-widget elementor-widget-jkit_heading\" data-id=\"6d8c258\" data-element_type=\"widget\" data-settings=\"{&quot;_animation&quot;:&quot;fadeInLeft&quot;}\" data-widget_type=\"jkit_heading.default\">\n\t\t\t\t<div class=\"elementor-widget-container\">\n\t\t\t<div  class=\"jeg-elementor-kit jkit-heading  align-left align-tablet- align-mobile- jeg_module__5_69e59a338d439\" ><h3 class=\"heading-section-subtitle  style-color\">Autoridades<\/h3><div class=\"heading-section-title  display-inline-block\"><h2 class=\"heading-title\">Comisi\u00f3n de Fiscalizaci\u00f3n<\/h2><\/div><div class=\"heading-section-description\"><p style=\"text-align: justify\">Aqu\u00ed tenemos a los honorables miembros que conforman la Comisi\u00f3n de Fiscalizaci\u00f3n del Club de Clases y Polic\u00edas.<\/p><\/div><\/div>\t\t<\/div>\n\t\t\t\t<\/div>\n\t\t\t\t<div class=\"elementor-element elementor-element-8484dfd elementor-widget__width-auto elementor-invisible elementor-widget elementor-widget-jkit_button\" data-id=\"8484dfd\" data-element_type=\"widget\" data-settings=\"{&quot;_animation&quot;:&quot;fadeInUp&quot;}\" data-widget_type=\"jkit_button.default\">\n\t\t\t\t<div class=\"elementor-widget-container\">\n\t\t\t<div  class=\"jeg-elementor-kit jkit-button  icon-position-after jeg_module__6_69e59a338d9bd\" ><a href=\"https:\/\/clubdeclasesypolicias.com.ec\/index.php\/comision-de-fiscalizacion\/\"  class=\"jkit-button-wrapper\"  >Leer M\u00e1s<i aria-hidden=\"true\" class=\"jki jki-arrow-right-light\"><\/i><\/a><\/div>\t\t<\/div>\n\t\t\t\t<\/div>\n\t\t\t\t\t<\/div>\n\t\t<\/div>\n\t\t\t\t<div class=\"elementor-column elementor-col-50 elementor-top-column elementor-element elementor-element-f3cad83\" data-id=\"f3cad83\" data-element_type=\"column\" data-settings=\"{&quot;background_background&quot;:&quot;classic&quot;}\">\n\t\t\t<div class=\"elementor-widget-wrap elementor-element-populated\">\n\t\t\t\t\t\t\t\t<div class=\"elementor-element elementor-element-35ca9e8 elementor-widget elementor-widget-spacer\" data-id=\"35ca9e8\" data-element_type=\"widget\" data-widget_type=\"spacer.default\">\n\t\t\t\t<div class=\"elementor-widget-container\">\n\t\t\t\t\t<div class=\"elementor-spacer\">\n\t\t\t<div class=\"elementor-spacer-inner\"><\/div>\n\t\t<\/div>\n\t\t\t\t<\/div>\n\t\t\t\t<\/div>\n\t\t\t\t\t<\/div>\n\t\t<\/div>\n\t\t\t\t\t\t\t<\/div>\n\t\t<\/section>\n\t\t\t\t<section class=\"elementor-section elementor-top-section elementor-element elementor-element-95774c7 elementor-section-full_width elementor-section-height-default elementor-section-height-default\" data-id=\"95774c7\" data-element_type=\"section\">\n\t\t\t\t\t\t<div class=\"elementor-container elementor-column-gap-default\">\n\t\t\t\t\t<div class=\"elementor-column elementor-col-50 elementor-top-column elementor-element elementor-element-1d474f2\" data-id=\"1d474f2\" data-element_type=\"column\">\n\t\t\t<div class=\"elementor-widget-wrap elementor-element-populated\">\n\t\t\t\t\t\t\t\t<div class=\"elementor-element elementor-element-cb903c8 animated-slow elementor-invisible elementor-widget elementor-widget-jkit_heading\" data-id=\"cb903c8\" data-element_type=\"widget\" data-settings=\"{&quot;_animation&quot;:&quot;fadeInLeft&quot;}\" data-widget_type=\"jkit_heading.default\">\n\t\t\t\t<div class=\"elementor-widget-container\">\n\t\t\t<div  class=\"jeg-elementor-kit jkit-heading  align-left align-tablet- align-mobile- jeg_module__7_69e59a338e982\" ><h3 class=\"heading-section-subtitle  style-color\">Autoridades<\/h3><div class=\"heading-section-title  display-inline-block\"><h2 class=\"heading-title\">Directorio Provincial<\/h2><\/div><div class=\"heading-section-description\"><p style=\"text-align: justify\">Aqu\u00ed tenemos a los honorables miembros que conforman la Comisi\u00f3n de Fiscalizaci\u00f3n del Club de Clases y Polic\u00edas.<\/p><\/div><\/div>\t\t<\/div>\n\t\t\t\t<\/div>\n\t\t\t\t<div class=\"elementor-element elementor-element-5a56731 elementor-widget__width-auto elementor-invisible elementor-widget elementor-widget-jkit_button\" data-id=\"5a56731\" data-element_type=\"widget\" data-settings=\"{&quot;_animation&quot;:&quot;fadeInUp&quot;}\" data-widget_type=\"jkit_button.default\">\n\t\t\t\t<div class=\"elementor-widget-container\">\n\t\t\t<div  class=\"jeg-elementor-kit jkit-button  icon-position-after jeg_module__8_69e59a338eed2\" ><a href=\"https:\/\/clubdeclasesypolicias.com.ec\/index.php\/comision-de-fiscalizacion\/\"  class=\"jkit-button-wrapper\"  >Leer M\u00e1s<i aria-hidden=\"true\" class=\"jki jki-arrow-right-light\"><\/i><\/a><\/div>\t\t<\/div>\n\t\t\t\t<\/div>\n\t\t\t\t\t<\/div>\n\t\t<\/div>\n\t\t\t\t<div class=\"elementor-column elementor-col-50 elementor-top-column elementor-element elementor-element-7939c3d\" data-id=\"7939c3d\" data-element_type=\"column\" data-settings=\"{&quot;background_background&quot;:&quot;classic&quot;}\">\n\t\t\t<div class=\"elementor-widget-wrap elementor-element-populated\">\n\t\t\t\t\t\t\t\t<div class=\"elementor-element elementor-element-2ce9ee1 elementor-widget elementor-widget-spacer\" data-id=\"2ce9ee1\" data-element_type=\"widget\" data-widget_type=\"spacer.default\">\n\t\t\t\t<div class=\"elementor-widget-container\">\n\t\t\t\t\t<div class=\"elementor-spacer\">\n\t\t\t<div class=\"elementor-spacer-inner\"><\/div>\n\t\t<\/div>\n\t\t\t\t<\/div>\n\t\t\t\t<\/div>\n\t\t\t\t\t<\/div>\n\t\t<\/div>\n\t\t\t\t\t\t\t<\/div>\n\t\t<\/section>\n\t\t\t\t<section class=\"elementor-section elementor-top-section elementor-element elementor-element-b5776bb elementor-section-full_width elementor-section-height-default elementor-section-height-default\" data-id=\"b5776bb\" data-element_type=\"section\">\n\t\t\t\t\t\t<div class=\"elementor-container elementor-column-gap-default\">\n\t\t\t\t\t<div class=\"elementor-column elementor-col-50 elementor-top-column elementor-element elementor-element-8be47f5\" data-id=\"8be47f5\" data-element_type=\"column\">\n\t\t\t<div class=\"elementor-widget-wrap elementor-element-populated\">\n\t\t\t\t\t\t\t\t<div class=\"elementor-element elementor-element-3486ac1 animated-slow elementor-invisible elementor-widget elementor-widget-jkit_heading\" data-id=\"3486ac1\" data-element_type=\"widget\" data-settings=\"{&quot;_animation&quot;:&quot;fadeInLeft&quot;}\" data-widget_type=\"jkit_heading.default\">\n\t\t\t\t<div class=\"elementor-widget-container\">\n\t\t\t<div  class=\"jeg-elementor-kit jkit-heading  align-left align-tablet- align-mobile- jeg_module__9_69e59a338fdfc\" ><h3 class=\"heading-section-subtitle  style-color\">Instituci\u00f3n<\/h3><div class=\"heading-section-title  display-inline-block\"><h2 class=\"heading-title\">Estatutos y Reglamentos<\/h2><\/div><div class=\"heading-section-description\"><p style=\"text-align: justify\">En el siguiente formulario podr\u00e1n encontrar el estatuto y reglamentos actualizados del Club de Clases y Polic\u00edas del Ecuador donde el socio podr\u00e1 saber deberes y atribuciones de la instituci\u00f3n y de ayudas sociales para el socio y sus dependientes.<\/p><\/div><\/div>\t\t<\/div>\n\t\t\t\t<\/div>\n\t\t\t\t<div class=\"elementor-element elementor-element-f56ea49 elementor-widget__width-auto elementor-invisible elementor-widget elementor-widget-jkit_button\" data-id=\"f56ea49\" data-element_type=\"widget\" data-settings=\"{&quot;_animation&quot;:&quot;fadeInUp&quot;}\" data-widget_type=\"jkit_button.default\">\n\t\t\t\t<div class=\"elementor-widget-container\">\n\t\t\t<div  class=\"jeg-elementor-kit jkit-button  icon-position-after jeg_module__10_69e59a339034d\" ><a href=\"https:\/\/clubdeclasesypolicias.com.ec\/index.php\/reglamento\/\"  class=\"jkit-button-wrapper\"  >Leer M\u00e1s<i aria-hidden=\"true\" class=\"jki jki-arrow-right-light\"><\/i><\/a><\/div>\t\t<\/div>\n\t\t\t\t<\/div>\n\t\t\t\t\t<\/div>\n\t\t<\/div>\n\t\t\t\t<div class=\"elementor-column elementor-col-50 elementor-top-column elementor-element elementor-element-7da6617\" data-id=\"7da6617\" data-element_type=\"column\" data-settings=\"{&quot;background_background&quot;:&quot;classic&quot;}\">\n\t\t\t<div class=\"elementor-widget-wrap elementor-element-populated\">\n\t\t\t\t\t\t\t\t<div class=\"elementor-element elementor-element-0b60890 elementor-widget elementor-widget-spacer\" data-id=\"0b60890\" data-element_type=\"widget\" data-widget_type=\"spacer.default\">\n\t\t\t\t<div class=\"elementor-widget-container\">\n\t\t\t\t\t<div class=\"elementor-spacer\">\n\t\t\t<div class=\"elementor-spacer-inner\"><\/div>\n\t\t<\/div>\n\t\t\t\t<\/div>\n\t\t\t\t<\/div>\n\t\t\t\t\t<\/div>\n\t\t<\/div>\n\t\t\t\t\t\t\t<\/div>\n\t\t<\/section>\n\t\t\t\t\t\t\t<\/div>\n\t\t","protected":false},"excerpt":{"rendered":"<p>\u00bfQui\u00e9nes somos?\u200b El Club de Clases y Polic\u00edas de la polic\u00eda nacional inicio el 26 de febrero del a\u00f1o 1988. Resultado del esfuerzo y trabajo de un grupo min\u00fasculo de personas visionarias que so\u00f1aron con hacer nacer de la nada a una Entidad que sea propia, con su personer\u00eda jur\u00eddica, y el apoyo de todos [&hellip;]<\/p>\n","protected":false},"author":2,"featured_media":0,"parent":0,"menu_order":0,"comment_status":"closed","ping_status":"closed","template":"","meta":{"footnotes":""},"_links":{"self":[{"href":"https:\/\/clubdeclasesypolicias.com.ec\/index.php\/wp-json\/wp\/v2\/pages\/931"}],"collection":[{"href":"https:\/\/clubdeclasesypolicias.com.ec\/index.php\/wp-json\/wp\/v2\/pages"}],"about":[{"href":"https:\/\/clubdeclasesypolicias.com.ec\/index.php\/wp-json\/wp\/v2\/types\/page"}],"author":[{"embeddable":true,"href":"https:\/\/clubdeclasesypolicias.com.ec\/index.php\/wp-json\/wp\/v2\/users\/2"}],"replies":[{"embeddable":true,"href":"https:\/\/clubdeclasesypolicias.com.ec\/index.php\/wp-json\/wp\/v2\/comments?post=931"}],"version-history":[{"count":76,"href":"https:\/\/clubdeclasesypolicias.com.ec\/index.php\/wp-json\/wp\/v2\/pages\/931\/revisions"}],"predecessor-version":[{"id":3681,"href":"https:\/\/clubdeclasesypolicias.com.ec\/index.php\/wp-json\/wp\/v2\/pages\/931\/revisions\/3681"}],"wp:attachment":[{"href":"https:\/\/clubdeclasesypolicias.com.ec\/index.php\/wp-json\/wp\/v2\/media?parent=931"}],"curies":[{"name":"wp","href":"https:\/\/api.w.org\/{rel}","templated":true}]}}