{"id":705,"date":"2023-07-07T15:01:30","date_gmt":"2023-07-07T20:01:30","guid":{"rendered":"https:\/\/clubdeclasesypolicias.com.ec\/?page_id=705"},"modified":"2023-08-04T12:42:32","modified_gmt":"2023-08-04T17:42:32","slug":"servicios","status":"publish","type":"page","link":"https:\/\/clubdeclasesypolicias.com.ec\/index.php\/servicios\/","title":{"rendered":"Servicios"},"content":{"rendered":"\t\t<div data-elementor-type=\"wp-page\" data-elementor-id=\"705\" class=\"elementor elementor-705\" data-elementor-post-type=\"page\">\n\t\t\t\t\t\t\t\t\t<section class=\"elementor-section elementor-top-section elementor-element elementor-element-2d564607 elementor-section-boxed elementor-section-height-default elementor-section-height-default\" data-id=\"2d564607\" data-element_type=\"section\" data-settings=\"{&quot;background_background&quot;:&quot;classic&quot;}\">\n\t\t\t\t\t\t\t<div class=\"elementor-background-overlay\"><\/div>\n\t\t\t\t\t\t\t<div class=\"elementor-container elementor-column-gap-default\">\n\t\t\t\t\t<div class=\"elementor-column elementor-col-100 elementor-top-column elementor-element elementor-element-1b09ab19\" data-id=\"1b09ab19\" data-element_type=\"column\">\n\t\t\t<div class=\"elementor-widget-wrap elementor-element-populated\">\n\t\t\t\t\t\t\t\t<div class=\"elementor-element elementor-element-5d7e194a elementor-widget elementor-widget-jkit_heading\" data-id=\"5d7e194a\" data-element_type=\"widget\" data-widget_type=\"jkit_heading.default\">\n\t\t\t\t<div class=\"elementor-widget-container\">\n\t\t\t<div  class=\"jeg-elementor-kit jkit-heading  align-center align-tablet- align-mobile- jeg_module___69e59a27f0e38\" ><div class=\"heading-section-title  display-inline-block\"><h2 class=\"heading-title\">Servicios<\/h2><\/div><\/div>\t\t<\/div>\n\t\t\t\t<\/div>\n\t\t\t\t\t<\/div>\n\t\t<\/div>\n\t\t\t\t\t\t\t<\/div>\n\t\t<\/section>\n\t\t\t\t<section class=\"elementor-section elementor-top-section elementor-element elementor-element-1a98dabc elementor-section-full_width elementor-section-height-default elementor-section-height-default\" data-id=\"1a98dabc\" data-element_type=\"section\">\n\t\t\t\t\t\t<div class=\"elementor-container elementor-column-gap-no\">\n\t\t\t\t\t<div class=\"elementor-column elementor-col-100 elementor-top-column elementor-element elementor-element-2dd20e82\" data-id=\"2dd20e82\" data-element_type=\"column\">\n\t\t\t<div class=\"elementor-widget-wrap elementor-element-populated\">\n\t\t\t\t\t\t\t\t<div class=\"elementor-element elementor-element-8d9e6ba elementor-widget elementor-widget-jkit_heading\" data-id=\"8d9e6ba\" data-element_type=\"widget\" data-widget_type=\"jkit_heading.default\">\n\t\t\t\t<div class=\"elementor-widget-container\">\n\t\t\t<div  class=\"jeg-elementor-kit jkit-heading  align-center align-tablet- align-mobile- jeg_module__1_69e59a27f3b8f\" ><h3 class=\"heading-section-subtitle  style-color\">Nuestros Servicios<\/h3><div class=\"heading-section-title  display-inline-block\"><h2 class=\"heading-title\">Los Mejores Momentos Con Nosotros<\/h2><\/div><div class=\"heading-section-description\"><p>Ven y aprovecha todos los grandes beneficios que ofrece el club de clases y polic\u00edas en todas sus sedes y complejos a nivel nacional, adem\u00e1s de su gran variedad de ayudas.<\/p><\/div><\/div>\t\t<\/div>\n\t\t\t\t<\/div>\n\t\t\t\t<div class=\"elementor-element elementor-element-6318c5b elementor-widget elementor-widget-jkit_portfolio_gallery\" data-id=\"6318c5b\" data-element_type=\"widget\" data-widget_type=\"jkit_portfolio_gallery.default\">\n\t\t\t\t<div class=\"elementor-widget-container\">\n\t\t\t<div  class=\"jeg-elementor-kit jkit-portfolio-gallery on-hover jeg_module__2_69e59a280130a\" ><div class=\"portfolio-gallery-container\">\n            <div class=\"row-items\"><div class=\"row-item elementor-repeater-item-3a9cecf current-item\" data-tab=\"portfolio-gallery-tab-0\"><div class=\"row-item-info\">\n            <p class=\"info-subtitle\"><\/p>\n            <h2 class=\"info-title\">Asesor\u00eda Jur\u00eddica<\/h2>\n        <\/div><div class=\"row-item-more position-after\"><a href=\"https:\/\/clubdeclasesypolicias.com.ec\/index.php\/asesoria-juridica\/\"  >Leer M\u00e1s<i aria-hidden=\"true\" class=\"fas fa-angle-right\"><\/i><\/a><\/div><\/div><div class=\"row-item elementor-repeater-item-2c89fdd \" data-tab=\"portfolio-gallery-tab-1\"><div class=\"row-item-info\">\n            <p class=\"info-subtitle\"><\/p>\n            <h2 class=\"info-title\">Ayuda Social<\/h2>\n        <\/div><div class=\"row-item-more position-after\"><a href=\"https:\/\/clubdeclasesypolicias.com.ec\/index.php\/ayuda-social\/\"  >Leer M\u00e1s<i aria-hidden=\"true\" class=\"fas fa-angle-right\"><\/i><\/a><\/div><\/div><div class=\"row-item elementor-repeater-item-2f16027 \" data-tab=\"portfolio-gallery-tab-2\"><div class=\"row-item-info\">\n            <p class=\"info-subtitle\"><\/p>\n            <h2 class=\"info-title\">Complejos Recreacionales y Vacacionales<\/h2>\n        <\/div><div class=\"row-item-more position-after\"><a href=\"https:\/\/clubdeclasesypolicias.com.ec\/index.php\/complejos-recreacionales-y-vacacionales\/\"  >Leer M\u00e1s<i aria-hidden=\"true\" class=\"fas fa-angle-right\"><\/i><\/a><\/div><\/div><div class=\"row-item elementor-repeater-item-d388358 \" data-tab=\"portfolio-gallery-tab-3\"><div class=\"row-item-info\">\n            <p class=\"info-subtitle\"><\/p>\n            <h2 class=\"info-title\">Sedes Sociales<\/h2>\n        <\/div><div class=\"row-item-more position-after\"><a href=\"https:\/\/clubdeclasesypolicias.com.ec\/index.php\/sedes-sociales\/\"  >Leer M\u00e1s<i aria-hidden=\"true\" class=\"fas fa-angle-right\"><\/i><\/a><\/div><\/div><\/div>\n            <div class=\"gallery-items\"><div id=\"portfolio-gallery-tab-0\" class=\"image-item current-item\" data-background=\"https:\/\/clubdeclasesypolicias.com.ec\/wp-content\/uploads\/2023\/07\/pexels-mikhail-nilov-7731402-scaled.jpg\" style=\"background-image:url(https:\/\/clubdeclasesypolicias.com.ec\/wp-content\/uploads\/2023\/07\/pexels-mikhail-nilov-7731402-scaled.jpg);\"><\/div><div id=\"portfolio-gallery-tab-1\" class=\"image-item \" data-background=\"https:\/\/clubdeclasesypolicias.com.ec\/wp-content\/uploads\/2023\/07\/347424210_580042740964378_8946942450934172223_n.jpg\" style=\"background-image:url(https:\/\/clubdeclasesypolicias.com.ec\/wp-content\/uploads\/2023\/07\/347424210_580042740964378_8946942450934172223_n.jpg);\"><\/div><div id=\"portfolio-gallery-tab-2\" class=\"image-item \" data-background=\"https:\/\/clubdeclasesypolicias.com.ec\/wp-content\/uploads\/2023\/07\/Recurso-3-10.png\" style=\"background-image:url(https:\/\/clubdeclasesypolicias.com.ec\/wp-content\/uploads\/2023\/07\/Recurso-3-10.png);\"><\/div><div id=\"portfolio-gallery-tab-3\" class=\"image-item \" data-background=\"https:\/\/clubdeclasesypolicias.com.ec\/wp-content\/uploads\/2023\/07\/894740_286103051540000_290726216_o.png\" style=\"background-image:url(https:\/\/clubdeclasesypolicias.com.ec\/wp-content\/uploads\/2023\/07\/894740_286103051540000_290726216_o.png);\"><\/div><\/div>\n        <\/div><\/div>\t\t<\/div>\n\t\t\t\t<\/div>\n\t\t\t\t\t<\/div>\n\t\t<\/div>\n\t\t\t\t\t\t\t<\/div>\n\t\t<\/section>\n\t\t\t\t\t\t\t<\/div>\n\t\t","protected":false},"excerpt":{"rendered":"<p>Servicios Nuestros Servicios Los Mejores Momentos Con Nosotros Ven y aprovecha todos los grandes beneficios que ofrece el club de clases y polic\u00edas en todas sus sedes y complejos a nivel nacional, adem\u00e1s de su gran variedad de ayudas. Asesor\u00eda Jur\u00eddica Leer M\u00e1s Ayuda Social Leer M\u00e1s Complejos Recreacionales y Vacacionales Leer M\u00e1s Sedes Sociales [&hellip;]<\/p>\n","protected":false},"author":2,"featured_media":0,"parent":0,"menu_order":0,"comment_status":"closed","ping_status":"closed","template":"","meta":{"footnotes":""},"_links":{"self":[{"href":"https:\/\/clubdeclasesypolicias.com.ec\/index.php\/wp-json\/wp\/v2\/pages\/705"}],"collection":[{"href":"https:\/\/clubdeclasesypolicias.com.ec\/index.php\/wp-json\/wp\/v2\/pages"}],"about":[{"href":"https:\/\/clubdeclasesypolicias.com.ec\/index.php\/wp-json\/wp\/v2\/types\/page"}],"author":[{"embeddable":true,"href":"https:\/\/clubdeclasesypolicias.com.ec\/index.php\/wp-json\/wp\/v2\/users\/2"}],"replies":[{"embeddable":true,"href":"https:\/\/clubdeclasesypolicias.com.ec\/index.php\/wp-json\/wp\/v2\/comments?post=705"}],"version-history":[{"count":46,"href":"https:\/\/clubdeclasesypolicias.com.ec\/index.php\/wp-json\/wp\/v2\/pages\/705\/revisions"}],"predecessor-version":[{"id":2718,"href":"https:\/\/clubdeclasesypolicias.com.ec\/index.php\/wp-json\/wp\/v2\/pages\/705\/revisions\/2718"}],"wp:attachment":[{"href":"https:\/\/clubdeclasesypolicias.com.ec\/index.php\/wp-json\/wp\/v2\/media?parent=705"}],"curies":[{"name":"wp","href":"https:\/\/api.w.org\/{rel}","templated":true}]}}