{"id":3424,"date":"2023-09-26T16:35:57","date_gmt":"2023-09-26T21:35:57","guid":{"rendered":"https:\/\/clubdeclasesypolicias.com.ec\/?page_id=3424"},"modified":"2023-10-02T09:43:48","modified_gmt":"2023-10-02T14:43:48","slug":"html-sitemap","status":"publish","type":"page","link":"https:\/\/clubdeclasesypolicias.com.ec\/index.php\/html-sitemap\/","title":{"rendered":"Mapa del Sitio"},"content":{"rendered":"\t\t<div data-elementor-type=\"wp-page\" data-elementor-id=\"3424\" class=\"elementor elementor-3424\" data-elementor-post-type=\"page\">\n\t\t\t\t\t\t\t\t\t<section class=\"elementor-section elementor-top-section elementor-element elementor-element-d2c88e3 elementor-section-boxed elementor-section-height-default elementor-section-height-default\" data-id=\"d2c88e3\" data-element_type=\"section\">\n\t\t\t\t\t\t<div class=\"elementor-container elementor-column-gap-default\">\n\t\t\t\t\t<div class=\"elementor-column elementor-col-100 elementor-top-column elementor-element elementor-element-04841ed\" data-id=\"04841ed\" data-element_type=\"column\">\n\t\t\t<div class=\"elementor-widget-wrap elementor-element-populated\">\n\t\t\t\t\t\t\t\t<div class=\"elementor-element elementor-element-8e7021b elementor-widget elementor-widget-theme-post-title elementor-page-title elementor-widget-heading\" data-id=\"8e7021b\" data-element_type=\"widget\" data-widget_type=\"theme-post-title.default\">\n\t\t\t\t<div class=\"elementor-widget-container\">\n\t\t\t<style>\/*! elementor - v3.18.0 - 20-12-2023 *\/\n.elementor-heading-title{padding:0;margin:0;line-height:1}.elementor-widget-heading .elementor-heading-title[class*=elementor-size-]>a{color:inherit;font-size:inherit;line-height:inherit}.elementor-widget-heading .elementor-heading-title.elementor-size-small{font-size:15px}.elementor-widget-heading .elementor-heading-title.elementor-size-medium{font-size:19px}.elementor-widget-heading .elementor-heading-title.elementor-size-large{font-size:29px}.elementor-widget-heading .elementor-heading-title.elementor-size-xl{font-size:39px}.elementor-widget-heading .elementor-heading-title.elementor-size-xxl{font-size:59px}<\/style><h1 class=\"elementor-heading-title elementor-size-default\">Mapa del Sitio<\/h1>\t\t<\/div>\n\t\t\t\t<\/div>\n\t\t\t\t\t<\/div>\n\t\t<\/div>\n\t\t\t\t\t\t\t<\/div>\n\t\t<\/section>\n\t\t\t\t<section class=\"elementor-section elementor-top-section elementor-element elementor-element-77815f7 elementor-section-boxed elementor-section-height-default elementor-section-height-default\" data-id=\"77815f7\" data-element_type=\"section\">\n\t\t\t\t\t\t<div class=\"elementor-container elementor-column-gap-default\">\n\t\t\t\t\t<div class=\"elementor-column elementor-col-50 elementor-top-column elementor-element elementor-element-cf26388 elementor-invisible\" data-id=\"cf26388\" data-element_type=\"column\" data-settings=\"{&quot;animation&quot;:&quot;fadeInLeft&quot;}\">\n\t\t\t<div class=\"elementor-widget-wrap elementor-element-populated\">\n\t\t\t\t\t\t\t\t<div class=\"elementor-element elementor-element-1fb8612 elementor-widget elementor-widget-shortcode\" data-id=\"1fb8612\" data-element_type=\"widget\" data-widget_type=\"shortcode.default\">\n\t\t\t\t<div class=\"elementor-widget-container\">\n\t\t\t\t\t<div class=\"elementor-shortcode\"><div id=\"simple-sitemap-container-69e5b4811ad1e\" class=\"simple-sitemap-container simple-sitemap-container-69e5b4811ad1e tab-disabled\"><div class=\"simple-sitemap-wrap\"><h3 class=\"post-type\">P\u00e1ginas<\/h3><ul class=\"simple-sitemap-page main\"><li class=\"sitemap-item page_item page-item-1189\"><a href=\"https:\/\/clubdeclasesypolicias.com.ec\/index.php\/asesoria-juridica2\/\">Asesor\u00eda Jur\u00eddica<\/a><\/li>\n<li class=\"sitemap-item page_item page-item-1156\"><a href=\"https:\/\/clubdeclasesypolicias.com.ec\/index.php\/ayuda-social\/\">Ayuda Social<\/a><\/li>\n<li class=\"sitemap-item page_item page-item-3116\"><a href=\"https:\/\/clubdeclasesypolicias.com.ec\/index.php\/comision-de-fiscalizacion\/\">Comisi\u00f3n de Fiscalizaci\u00f3n<\/a><\/li>\n<li class=\"sitemap-item page_item page-item-3168\"><a href=\"https:\/\/clubdeclasesypolicias.com.ec\/index.php\/ccp-complejos-recreacionales\/\">Complejos Recreacionales<\/a><\/li>\n<li class=\"sitemap-item page_item page-item-935\"><a href=\"https:\/\/clubdeclasesypolicias.com.ec\/index.php\/contactos\/\">Contactos<\/a><\/li>\n<li class=\"sitemap-item page_item page-item-3281\"><a href=\"https:\/\/clubdeclasesypolicias.com.ec\/index.php\/ccp-convenios\/\">Convenios<\/a><\/li>\n<li class=\"sitemap-item page_item page-item-1282\"><a href=\"https:\/\/clubdeclasesypolicias.com.ec\/index.php\/autoridades\/\">Directorio Nacional<\/a><\/li>\n<li class=\"sitemap-item page_item page-item-5340\"><a href=\"https:\/\/clubdeclasesypolicias.com.ec\/index.php\/estatutos\/\">Estatutos<\/a><\/li>\n<li class=\"sitemap-item page_item page-item-7867\"><a href=\"https:\/\/clubdeclasesypolicias.com.ec\/index.php\/informe-de-gestion-2024\/\">Informe de Gesti\u00f3n 2024<\/a><\/li>\n<li class=\"sitemap-item page_item page-item-5346\"><a href=\"https:\/\/clubdeclasesypolicias.com.ec\/index.php\/informes-economicos\/\">Informes Econ\u00f3micos<\/a><\/li>\n<li class=\"sitemap-item page_item page-item-328\"><a href=\"https:\/\/clubdeclasesypolicias.com.ec\/\">Inicio<\/a><\/li>\n<li class=\"sitemap-item page_item page-item-931\"><a href=\"https:\/\/clubdeclasesypolicias.com.ec\/index.php\/institucion\/\">Instituci\u00f3n<\/a><\/li>\n<li class=\"sitemap-item page_item page-item-3424\"><a href=\"https:\/\/clubdeclasesypolicias.com.ec\/index.php\/html-sitemap\/\">Mapa del Sitio<\/a><\/li>\n<li class=\"sitemap-item page_item page-item-4111\"><a href=\"https:\/\/clubdeclasesypolicias.com.ec\/index.php\/noticias-2\/\">Noticias<\/a><\/li>\n<li class=\"sitemap-item page_item page-item-3412\"><a href=\"https:\/\/clubdeclasesypolicias.com.ec\/index.php\/reglamento\/\">Reglamento<\/a><\/li>\n<li class=\"sitemap-item page_item page-item-705\"><a href=\"https:\/\/clubdeclasesypolicias.com.ec\/index.php\/servicios\/\">Servicios<\/a><\/li>\n<li class=\"sitemap-item page_item page-item-2744\"><a href=\"https:\/\/clubdeclasesypolicias.com.ec\/index.php\/transparencia\/\">Transparencia<\/a><\/li>\n<li class=\"sitemap-item page_item page-item-3103\"><a href=\"https:\/\/clubdeclasesypolicias.com.ec\/index.php\/elementor-3103\/\">Valores<\/a><\/li>\n<li class=\"sitemap-item page_item page-item-3097\"><a href=\"https:\/\/clubdeclasesypolicias.com.ec\/index.php\/vision-y-mision\/\">Visi\u00f3n y Misi\u00f3n<\/a><\/li>\n<\/ul><\/div><\/div><br style=\"clear: both;\"><\/div>\n\t\t\t\t<\/div>\n\t\t\t\t<\/div>\n\t\t\t\t\t<\/div>\n\t\t<\/div>\n\t\t\t\t<div class=\"elementor-column elementor-col-50 elementor-top-column elementor-element elementor-element-677dee6 elementor-invisible\" data-id=\"677dee6\" data-element_type=\"column\" data-settings=\"{&quot;animation&quot;:&quot;fadeInRight&quot;}\">\n\t\t\t<div class=\"elementor-widget-wrap elementor-element-populated\">\n\t\t\t\t\t\t\t\t<div class=\"elementor-element elementor-element-cd47cd1 elementor-widget elementor-widget-shortcode\" data-id=\"cd47cd1\" data-element_type=\"widget\" data-widget_type=\"shortcode.default\">\n\t\t\t\t<div class=\"elementor-widget-container\">\n\t\t\t\t\t<div class=\"elementor-shortcode\"><style><\/style><div id=\"simple-sitemap-container-69e5b4811c610\" class=\"simple-sitemap-container simple-sitemap-container-69e5b4811c610\"><h3 class=\"post-type\">Entradas<\/h3><div class=\"simple-sitemap-wrap ayuda-social-noticias\"><h3 class=\"term-tag\">Ayuda Social<\/h3><ul class=\"simple-sitemap-post main\"><li class=\"sitemap-item\"><a href=\"https:\/\/clubdeclasesypolicias.com.ec\/index.php\/menos-tiempo-en-pagos-por-ayudas\/\">Autoridades del CCP supervisan mantenimiento del Complejo Vacacional Esmeralda<\/a><\/li><\/ul><\/div><div class=\"simple-sitemap-wrap carnetizacion\"><h3 class=\"term-tag\">Carnetizaci\u00f3n<\/h3><ul class=\"simple-sitemap-post main\"><li class=\"sitemap-item\"><a href=\"https:\/\/clubdeclasesypolicias.com.ec\/index.php\/carnetizacion-los-nogales\/\">Club de Clases y Polic\u00edas conmemor\u00f3 38 a\u00f1os de vida institucional con Sesi\u00f3n Solemne oficial<\/a><\/li><li class=\"sitemap-item\"><a href=\"https:\/\/clubdeclasesypolicias.com.ec\/index.php\/carnetizacion-en-subsede-cotopaxi\/\">Montos econ\u00f3micos y beneficiarios de Ayudas Sociales que brinda el club de clases y polic\u00edas.<\/a><\/li><\/ul><\/div><div class=\"simple-sitemap-wrap complejos-recreacionales\"><h3 class=\"term-tag\">Complejos Recreacionales<\/h3><ul class=\"simple-sitemap-post main\"><li class=\"sitemap-item\"><a href=\"https:\/\/clubdeclasesypolicias.com.ec\/index.php\/canar\/\">Complejos Recreacionales Ca\u00f1ar<\/a><\/li><li class=\"sitemap-item\"><a href=\"https:\/\/clubdeclasesypolicias.com.ec\/index.php\/complejo-recreacional-chimborazo\/\">Complejos Recreacionales Chimborazo<\/a><\/li><li class=\"sitemap-item\"><a href=\"https:\/\/clubdeclasesypolicias.com.ec\/index.php\/cotopaxi\/\">Complejos Recreacionales Cotopaxi<\/a><\/li><li class=\"sitemap-item\"><a href=\"https:\/\/clubdeclasesypolicias.com.ec\/index.php\/guayas\/\">Complejos Recreacionales Guayas<\/a><\/li><li class=\"sitemap-item\"><a href=\"https:\/\/clubdeclasesypolicias.com.ec\/index.php\/imbabura\/\">Complejos Recreacionales Imbabura<\/a><\/li><li class=\"sitemap-item\"><a href=\"https:\/\/clubdeclasesypolicias.com.ec\/index.php\/los-rios\/\">Complejos Recreacionales Los Rios<\/a><\/li><li class=\"sitemap-item\"><a href=\"https:\/\/clubdeclasesypolicias.com.ec\/index.php\/complejos-recreacionales-pichincha\/\">Complejos Recreacionales Pichincha<\/a><\/li><li class=\"sitemap-item\"><a href=\"https:\/\/clubdeclasesypolicias.com.ec\/index.php\/tungurahua\/\">Complejos Recreacionales Tungurahua<\/a><\/li><li class=\"sitemap-item\"><a href=\"https:\/\/clubdeclasesypolicias.com.ec\/index.php\/zamora\/\">Complejos Recreacionales Zamora Chinchipe<\/a><\/li><\/ul><\/div><div class=\"simple-sitemap-wrap complejos-vacacionales\"><h3 class=\"term-tag\">Complejos Vacacionales<\/h3><ul class=\"simple-sitemap-post main\"><li class=\"sitemap-item\"><a href=\"https:\/\/clubdeclasesypolicias.com.ec\/index.php\/azuay\/\">Complejos Vacacionales Azuay<\/a><\/li><li class=\"sitemap-item\"><a href=\"https:\/\/clubdeclasesypolicias.com.ec\/index.php\/esmeraldas\/\">Complejos Vacacionales Esmeraldas<\/a><\/li><li class=\"sitemap-item\"><a href=\"https:\/\/clubdeclasesypolicias.com.ec\/index.php\/manabi\/\">Complejos Vacacionales Manab\u00ed<\/a><\/li><\/ul><\/div><div class=\"simple-sitemap-wrap convenios-noticias\"><h3 class=\"term-tag\">Convenios<\/h3><ul class=\"simple-sitemap-post main\"><li class=\"sitemap-item\"><a href=\"https:\/\/clubdeclasesypolicias.com.ec\/index.php\/azuay-4\/\">Azuay<\/a><\/li><li class=\"sitemap-item\"><a href=\"https:\/\/clubdeclasesypolicias.com.ec\/index.php\/bolivar-3\/\">Bol\u00edvar<\/a><\/li><li class=\"sitemap-item\"><a href=\"https:\/\/clubdeclasesypolicias.com.ec\/index.php\/canar-2\/\">Ca\u00f1ar<\/a><\/li><li class=\"sitemap-item\"><a href=\"https:\/\/clubdeclasesypolicias.com.ec\/index.php\/carchi-2\/\">Carchi<\/a><\/li><li class=\"sitemap-item\"><a href=\"https:\/\/clubdeclasesypolicias.com.ec\/index.php\/chimborazo\/\">Chimborazo<\/a><\/li><li class=\"sitemap-item\"><a href=\"https:\/\/clubdeclasesypolicias.com.ec\/index.php\/convenios-sede-nacional\/\">Convenio Sede Nacional<\/a><\/li><li class=\"sitemap-item\"><a href=\"https:\/\/clubdeclasesypolicias.com.ec\/index.php\/cotopaxi-2\/\">Cotopaxi<\/a><\/li><li class=\"sitemap-item\"><a href=\"https:\/\/clubdeclasesypolicias.com.ec\/index.php\/el-oro\/\">El Oro<\/a><\/li><li class=\"sitemap-item\"><a href=\"https:\/\/clubdeclasesypolicias.com.ec\/index.php\/esmeraldas-3\/\">Esmeraldas<\/a><\/li><li class=\"sitemap-item\"><a href=\"https:\/\/clubdeclasesypolicias.com.ec\/index.php\/galapagos\/\">Gal\u00e1pagos<\/a><\/li><li class=\"sitemap-item\"><a href=\"https:\/\/clubdeclasesypolicias.com.ec\/index.php\/guayas-2\/\">Guayas<\/a><\/li><li class=\"sitemap-item\"><a href=\"https:\/\/clubdeclasesypolicias.com.ec\/index.php\/imbabura-2\/\">Imbabura<\/a><\/li><li class=\"sitemap-item\"><a href=\"https:\/\/clubdeclasesypolicias.com.ec\/index.php\/loj\/\">Loja<\/a><\/li><li class=\"sitemap-item\"><a href=\"https:\/\/clubdeclasesypolicias.com.ec\/index.php\/manabi-2\/\">Manab\u00ed<\/a><\/li><li class=\"sitemap-item\"><a href=\"https:\/\/clubdeclasesypolicias.com.ec\/index.php\/morona-santiago-2\/\">Morona Santiago<\/a><\/li><li class=\"sitemap-item\"><a href=\"https:\/\/clubdeclasesypolicias.com.ec\/index.php\/napo-2\/\">Napo<\/a><\/li><li class=\"sitemap-item\"><a href=\"https:\/\/clubdeclasesypolicias.com.ec\/index.php\/orellana-2\/\">Orellana<\/a><\/li><li class=\"sitemap-item\"><a href=\"https:\/\/clubdeclasesypolicias.com.ec\/index.php\/pastaza\/\">Pastaza<\/a><\/li><li class=\"sitemap-item\"><a href=\"https:\/\/clubdeclasesypolicias.com.ec\/index.php\/pichincha\/\">Pichincha<\/a><\/li><li class=\"sitemap-item\"><a href=\"https:\/\/clubdeclasesypolicias.com.ec\/index.php\/convenio-assa\/\">Reapertura de las \u00e1reas h\u00famedas del Complejo Recreacional Los Girasoles<\/a><\/li><li class=\"sitemap-item\"><a href=\"https:\/\/clubdeclasesypolicias.com.ec\/index.php\/santa-elena\/\">Santa Elena<\/a><\/li><li class=\"sitemap-item\"><a href=\"https:\/\/clubdeclasesypolicias.com.ec\/index.php\/santo-domingo\/\">Santo Domingo<\/a><\/li><li class=\"sitemap-item\"><a href=\"https:\/\/clubdeclasesypolicias.com.ec\/index.php\/sucumbios-2\/\">Sucumb\u00edos<\/a><\/li><li class=\"sitemap-item\"><a href=\"https:\/\/clubdeclasesypolicias.com.ec\/index.php\/tungurahua-2\/\">Tungurahua<\/a><\/li><\/ul><\/div><div class=\"simple-sitemap-wrap convenios\"><h3 class=\"term-tag\">Convenios Institucionales<\/h3><ul class=\"simple-sitemap-post main\"><li class=\"sitemap-item\"><a href=\"https:\/\/clubdeclasesypolicias.com.ec\/index.php\/azuay-4\/\">Azuay<\/a><\/li><li class=\"sitemap-item\"><a href=\"https:\/\/clubdeclasesypolicias.com.ec\/index.php\/bolivar-3\/\">Bol\u00edvar<\/a><\/li><li class=\"sitemap-item\"><a href=\"https:\/\/clubdeclasesypolicias.com.ec\/index.php\/canar-2\/\">Ca\u00f1ar<\/a><\/li><li class=\"sitemap-item\"><a href=\"https:\/\/clubdeclasesypolicias.com.ec\/index.php\/carchi-2\/\">Carchi<\/a><\/li><li class=\"sitemap-item\"><a href=\"https:\/\/clubdeclasesypolicias.com.ec\/index.php\/chimborazo\/\">Chimborazo<\/a><\/li><li class=\"sitemap-item\"><a href=\"https:\/\/clubdeclasesypolicias.com.ec\/index.php\/convenios-sede-nacional\/\">Convenio Sede Nacional<\/a><\/li><li class=\"sitemap-item\"><a href=\"https:\/\/clubdeclasesypolicias.com.ec\/index.php\/cotopaxi-2\/\">Cotopaxi<\/a><\/li><li class=\"sitemap-item\"><a href=\"https:\/\/clubdeclasesypolicias.com.ec\/index.php\/el-oro\/\">El Oro<\/a><\/li><li class=\"sitemap-item\"><a href=\"https:\/\/clubdeclasesypolicias.com.ec\/index.php\/esmeraldas-3\/\">Esmeraldas<\/a><\/li><li class=\"sitemap-item\"><a href=\"https:\/\/clubdeclasesypolicias.com.ec\/index.php\/galapagos\/\">Gal\u00e1pagos<\/a><\/li><li class=\"sitemap-item\"><a href=\"https:\/\/clubdeclasesypolicias.com.ec\/index.php\/guayas-2\/\">Guayas<\/a><\/li><li class=\"sitemap-item\"><a href=\"https:\/\/clubdeclasesypolicias.com.ec\/index.php\/imbabura-2\/\">Imbabura<\/a><\/li><li class=\"sitemap-item\"><a href=\"https:\/\/clubdeclasesypolicias.com.ec\/index.php\/loj\/\">Loja<\/a><\/li><li class=\"sitemap-item\"><a href=\"https:\/\/clubdeclasesypolicias.com.ec\/index.php\/manabi-2\/\">Manab\u00ed<\/a><\/li><li class=\"sitemap-item\"><a href=\"https:\/\/clubdeclasesypolicias.com.ec\/index.php\/morona-santiago-2\/\">Morona Santiago<\/a><\/li><li class=\"sitemap-item\"><a href=\"https:\/\/clubdeclasesypolicias.com.ec\/index.php\/napo-2\/\">Napo<\/a><\/li><li class=\"sitemap-item\"><a href=\"https:\/\/clubdeclasesypolicias.com.ec\/index.php\/orellana-2\/\">Orellana<\/a><\/li><li class=\"sitemap-item\"><a href=\"https:\/\/clubdeclasesypolicias.com.ec\/index.php\/pastaza\/\">Pastaza<\/a><\/li><li class=\"sitemap-item\"><a href=\"https:\/\/clubdeclasesypolicias.com.ec\/index.php\/pichincha\/\">Pichincha<\/a><\/li><li class=\"sitemap-item\"><a href=\"https:\/\/clubdeclasesypolicias.com.ec\/index.php\/santa-elena\/\">Santa Elena<\/a><\/li><li class=\"sitemap-item\"><a href=\"https:\/\/clubdeclasesypolicias.com.ec\/index.php\/santo-domingo\/\">Santo Domingo<\/a><\/li><li class=\"sitemap-item\"><a href=\"https:\/\/clubdeclasesypolicias.com.ec\/index.php\/sucumbios-2\/\">Sucumb\u00edos<\/a><\/li><li class=\"sitemap-item\"><a href=\"https:\/\/clubdeclasesypolicias.com.ec\/index.php\/tungurahua-2\/\">Tungurahua<\/a><\/li><\/ul><\/div><div class=\"simple-sitemap-wrap eventos\"><h3 class=\"term-tag\">Eventos<\/h3><ul class=\"simple-sitemap-post main\"><li class=\"sitemap-item\"><a href=\"https:\/\/clubdeclasesypolicias.com.ec\/index.php\/asamblea-general-ordinaria-2024\/\">CCP inicia nueva etapa institucional<\/a><\/li><li class=\"sitemap-item\"><a href=\"https:\/\/clubdeclasesypolicias.com.ec\/index.php\/policias-en-servicio-pasivo\/\">Jornadas de Carnetizaci\u00f3n y Actualizaci\u00f3n de Datos a nivel nacional<\/a><\/li><li class=\"sitemap-item\"><a href=\"https:\/\/clubdeclasesypolicias.com.ec\/index.php\/subsede-cotopaxi\/\">Mejoras y Mantenimientos en Complejos Recreacionales a Nivel Nacional del Club de Clases y Polic\u00edas<\/a><\/li><li class=\"sitemap-item\"><a href=\"https:\/\/clubdeclasesypolicias.com.ec\/index.php\/convenio-assa\/\">Reapertura de las \u00e1reas h\u00famedas del Complejo Recreacional Los Girasoles<\/a><\/li><\/ul><\/div><div class=\"simple-sitemap-wrap menu-carnetizacion\"><h3 class=\"term-tag\">Men\u00fa Carnetizaci\u00f3n<\/h3><ul class=\"simple-sitemap-post main\"><li class=\"sitemap-item\"><a href=\"https:\/\/clubdeclasesypolicias.com.ec\/index.php\/beneficios\/\">Beneficios<\/a><\/li><li class=\"sitemap-item\"><a href=\"https:\/\/clubdeclasesypolicias.com.ec\/index.php\/tramites-administrativos\/\">Tr\u00e1mites Administrativos<\/a><\/li><\/ul><\/div><div class=\"simple-sitemap-wrap menus\"><h3 class=\"term-tag\">Men\u00fas<\/h3><ul class=\"simple-sitemap-post main\"><li class=\"sitemap-item\"><a href=\"https:\/\/clubdeclasesypolicias.com.ec\/index.php\/asesoria-juridica\/\">Asesor\u00eda Jur\u00eddica<\/a><\/li><li class=\"sitemap-item\"><a href=\"https:\/\/clubdeclasesypolicias.com.ec\/index.php\/ayuda-social\/\">Ayuda Social<\/a><\/li><li class=\"sitemap-item\"><a href=\"https:\/\/clubdeclasesypolicias.com.ec\/index.php\/beneficios\/\">Beneficios<\/a><\/li><li class=\"sitemap-item\"><a href=\"https:\/\/clubdeclasesypolicias.com.ec\/index.php\/carnetizacion\/\">Carnetizaci\u00f3n<\/a><\/li><li class=\"sitemap-item\"><a href=\"https:\/\/clubdeclasesypolicias.com.ec\/index.php\/complejos-recreacionales\/\">Complejos Recreacionales<\/a><\/li><li class=\"sitemap-item\"><a href=\"https:\/\/clubdeclasesypolicias.com.ec\/index.php\/complejos-vacacionales\/\">Complejos Vacacionales<\/a><\/li><li class=\"sitemap-item\"><a href=\"https:\/\/clubdeclasesypolicias.com.ec\/index.php\/convenios\/\">Convenios<\/a><\/li><li class=\"sitemap-item\"><a href=\"https:\/\/clubdeclasesypolicias.com.ec\/index.php\/salones-de-eventos\/\">Salones de Eventos<\/a><\/li><li class=\"sitemap-item\"><a href=\"https:\/\/clubdeclasesypolicias.com.ec\/index.php\/tramites-administrativos\/\">Tr\u00e1mites Administrativos<\/a><\/li><\/ul><\/div><div class=\"simple-sitemap-wrap noticias\"><h3 class=\"term-tag\">Noticias<\/h3><ul class=\"simple-sitemap-post main\"><li class=\"sitemap-item\"><a href=\"https:\/\/clubdeclasesypolicias.com.ec\/index.php\/menos-tiempo-en-pagos-por-ayudas\/\">Autoridades del CCP supervisan mantenimiento del Complejo Vacacional Esmeralda<\/a><\/li><li class=\"sitemap-item\"><a href=\"https:\/\/clubdeclasesypolicias.com.ec\/index.php\/asamblea-general-ordinaria-2024\/\">CCP inicia nueva etapa institucional<\/a><\/li><li class=\"sitemap-item\"><a href=\"https:\/\/clubdeclasesypolicias.com.ec\/index.php\/carnetizacion-los-nogales\/\">Club de Clases y Polic\u00edas conmemor\u00f3 38 a\u00f1os de vida institucional con Sesi\u00f3n Solemne oficial<\/a><\/li><li class=\"sitemap-item\"><a href=\"https:\/\/clubdeclasesypolicias.com.ec\/index.php\/policias-en-servicio-pasivo\/\">Jornadas de Carnetizaci\u00f3n y Actualizaci\u00f3n de Datos a nivel nacional<\/a><\/li><li class=\"sitemap-item\"><a href=\"https:\/\/clubdeclasesypolicias.com.ec\/index.php\/subsede-cotopaxi\/\">Mejoras y Mantenimientos en Complejos Recreacionales a Nivel Nacional del Club de Clases y Polic\u00edas<\/a><\/li><li class=\"sitemap-item\"><a href=\"https:\/\/clubdeclasesypolicias.com.ec\/index.php\/carnetizacion-en-subsede-cotopaxi\/\">Montos econ\u00f3micos y beneficiarios de Ayudas Sociales que brinda el club de clases y polic\u00edas.<\/a><\/li><li class=\"sitemap-item\"><a href=\"https:\/\/clubdeclasesypolicias.com.ec\/index.php\/convenio-assa\/\">Reapertura de las \u00e1reas h\u00famedas del Complejo Recreacional Los Girasoles<\/a><\/li><\/ul><\/div><div class=\"simple-sitemap-wrap pagbet-brazil\"><h3 class=\"term-tag\">pagbet brazil<\/h3><ul class=\"simple-sitemap-post main\"><li class=\"sitemap-item\"><a href=\"https:\/\/clubdeclasesypolicias.com.ec\/index.php\/descubra-como-hacer-o-pagbet-de-forma-facil-e-rapida-actualizado-janeiro-202\/\">Descubra Como Hacer O Pagbet De Forma F\u00e1cil E R\u00e1pida! Actualizado Janeiro 202<\/a><\/li><\/ul><\/div><div class=\"simple-sitemap-wrap reservaciones\"><h3 class=\"term-tag\">Reservaciones<\/h3><ul class=\"simple-sitemap-post main\"><li class=\"sitemap-item\"><a href=\"https:\/\/clubdeclasesypolicias.com.ec\/index.php\/reservaciones\/\">Reservaciones<\/a><\/li><\/ul><\/div><div class=\"simple-sitemap-wrap sedes-sociales\"><h3 class=\"term-tag\">Sedes Sociales<\/h3><ul class=\"simple-sitemap-post main\"><li class=\"sitemap-item\"><a href=\"https:\/\/clubdeclasesypolicias.com.ec\/index.php\/sede-social-pichincha\/\">Sede Pichincha<\/a><\/li><li class=\"sitemap-item\"><a href=\"https:\/\/clubdeclasesypolicias.com.ec\/index.php\/sede-social-bolivar\/\">Sede Social Bol\u00edvar<\/a><\/li><li class=\"sitemap-item\"><a href=\"https:\/\/clubdeclasesypolicias.com.ec\/index.php\/sede-social-canar\/\">Sede Social Ca\u00f1ar<\/a><\/li><li class=\"sitemap-item\"><a href=\"https:\/\/clubdeclasesypolicias.com.ec\/index.php\/sede-social-carchi\/\">Sede Social Carchi<\/a><\/li><li class=\"sitemap-item\"><a href=\"https:\/\/clubdeclasesypolicias.com.ec\/index.php\/sede-social-chimborazo\/\">Sede Social Chimborazo<\/a><\/li><li class=\"sitemap-item\"><a href=\"https:\/\/clubdeclasesypolicias.com.ec\/index.php\/sede-social-cotopaxi\/\">Sede Social Cotopaxi<\/a><\/li><li class=\"sitemap-item\"><a href=\"https:\/\/clubdeclasesypolicias.com.ec\/index.php\/sede-social-imbabura\/\">Sede Social Imbabura<\/a><\/li><li class=\"sitemap-item\"><a href=\"https:\/\/clubdeclasesypolicias.com.ec\/index.php\/orellana\/\">Sede Social Orellana<\/a><\/li><li class=\"sitemap-item\"><a href=\"https:\/\/clubdeclasesypolicias.com.ec\/index.php\/sucumbios\/\">Sede Social Sucumb\u00edos<\/a><\/li><li class=\"sitemap-item\"><a href=\"https:\/\/clubdeclasesypolicias.com.ec\/index.php\/sede-social-tungurahua\/\">Sede Social Tungurahua<\/a><\/li><li class=\"sitemap-item\"><a href=\"https:\/\/clubdeclasesypolicias.com.ec\/index.php\/sede-social-zamora-chinchipe\/\">Sede Social Zamora Chinchipe<\/a><\/li><\/ul><\/div><div class=\"simple-sitemap-wrap tipos-de-ayudas\"><h3 class=\"term-tag\">Tipos de Ayudas<\/h3><ul class=\"simple-sitemap-post main\"><li class=\"sitemap-item\"><a href=\"https:\/\/clubdeclasesypolicias.com.ec\/index.php\/ayuda-por-desastres-especificos\/\">Ayuda por Desastres Espec\u00edficos<\/a><\/li><li class=\"sitemap-item\"><a href=\"https:\/\/clubdeclasesypolicias.com.ec\/index.php\/exequial-o-fallecimiento\/\">Exequial o Fallecimiento<\/a><\/li><li class=\"sitemap-item\"><a href=\"https:\/\/clubdeclasesypolicias.com.ec\/index.php\/maternidad-o-paternidad\/\">Maternidad o Paternidad<\/a><\/li><li class=\"sitemap-item\"><a href=\"https:\/\/clubdeclasesypolicias.com.ec\/index.php\/por-cirugias-de-emergencia\/\">Por Cirug\u00edas de Emergencia<\/a><\/li><li class=\"sitemap-item\"><a href=\"https:\/\/clubdeclasesypolicias.com.ec\/index.php\/por-discapacidad\/\">Por Discapacidad<\/a><\/li><li class=\"sitemap-item\"><a href=\"https:\/\/clubdeclasesypolicias.com.ec\/index.php\/por-enfermedades-catastroficas\/\">Por Enfermedades Catastr\u00f3ficas<\/a><\/li><li class=\"sitemap-item\"><a href=\"https:\/\/clubdeclasesypolicias.com.ec\/index.php\/por-protesis-no-estetica\/\">Por Pr\u00f3tesis (No Est\u00e9tica)<\/a><\/li><\/ul><\/div><\/div><br style=\"clear: both\"><\/div>\n\t\t\t\t<\/div>\n\t\t\t\t<\/div>\n\t\t\t\t\t<\/div>\n\t\t<\/div>\n\t\t\t\t\t\t\t<\/div>\n\t\t<\/section>\n\t\t\t\t\t\t\t<\/div>\n\t\t","protected":false},"excerpt":{"rendered":"","protected":false},"author":2,"featured_media":0,"parent":0,"menu_order":0,"comment_status":"closed","ping_status":"closed","template":"","meta":{"footnotes":""},"_links":{"self":[{"href":"https:\/\/clubdeclasesypolicias.com.ec\/index.php\/wp-json\/wp\/v2\/pages\/3424"}],"collection":[{"href":"https:\/\/clubdeclasesypolicias.com.ec\/index.php\/wp-json\/wp\/v2\/pages"}],"about":[{"href":"https:\/\/clubdeclasesypolicias.com.ec\/index.php\/wp-json\/wp\/v2\/types\/page"}],"author":[{"embeddable":true,"href":"https:\/\/clubdeclasesypolicias.com.ec\/index.php\/wp-json\/wp\/v2\/users\/2"}],"replies":[{"embeddable":true,"href":"https:\/\/clubdeclasesypolicias.com.ec\/index.php\/wp-json\/wp\/v2\/comments?post=3424"}],"version-history":[{"count":40,"href":"https:\/\/clubdeclasesypolicias.com.ec\/index.php\/wp-json\/wp\/v2\/pages\/3424\/revisions"}],"predecessor-version":[{"id":4865,"href":"https:\/\/clubdeclasesypolicias.com.ec\/index.php\/wp-json\/wp\/v2\/pages\/3424\/revisions\/4865"}],"wp:attachment":[{"href":"https:\/\/clubdeclasesypolicias.com.ec\/index.php\/wp-json\/wp\/v2\/media?parent=3424"}],"curies":[{"name":"wp","href":"https:\/\/api.w.org\/{rel}","templated":true}]}}