{"id":3116,"date":"2023-09-26T09:59:16","date_gmt":"2023-09-26T14:59:16","guid":{"rendered":"https:\/\/clubdeclasesypolicias.com.ec\/?page_id=3116"},"modified":"2025-12-26T15:09:47","modified_gmt":"2025-12-26T20:09:47","slug":"comision-de-fiscalizacion","status":"publish","type":"page","link":"https:\/\/clubdeclasesypolicias.com.ec\/index.php\/comision-de-fiscalizacion\/","title":{"rendered":"Comisi\u00f3n de Fiscalizaci\u00f3n"},"content":{"rendered":"\t\t<div data-elementor-type=\"wp-page\" data-elementor-id=\"3116\" class=\"elementor elementor-3116\" data-elementor-post-type=\"page\">\n\t\t\t\t\t\t\t\t\t<section class=\"elementor-section elementor-top-section elementor-element elementor-element-8447013 elementor-section-boxed elementor-section-height-default elementor-section-height-default\" data-id=\"8447013\" data-element_type=\"section\" data-settings=\"{&quot;background_background&quot;:&quot;classic&quot;}\">\n\t\t\t\t\t\t\t<div class=\"elementor-background-overlay\"><\/div>\n\t\t\t\t\t\t\t<div class=\"elementor-container elementor-column-gap-default\">\n\t\t\t\t\t<div class=\"elementor-column elementor-col-100 elementor-top-column elementor-element elementor-element-3074ce9\" data-id=\"3074ce9\" data-element_type=\"column\">\n\t\t\t<div class=\"elementor-widget-wrap elementor-element-populated\">\n\t\t\t\t\t\t\t\t<div class=\"elementor-element elementor-element-d8fabed elementor-invisible elementor-widget elementor-widget-jkit_heading\" data-id=\"d8fabed\" data-element_type=\"widget\" data-settings=\"{&quot;_animation&quot;:&quot;fadeIn&quot;}\" data-widget_type=\"jkit_heading.default\">\n\t\t\t\t<div class=\"elementor-widget-container\">\n\t\t\t<div  class=\"jeg-elementor-kit jkit-heading  align-center align-tablet- align-mobile- jeg_module___69e59ec6e2683\" ><div class=\"heading-section-title  display-inline-block\"><h2 class=\"heading-title\">Comisi\u00f3n de Fiscalizaci\u00f3n<\/h2><\/div><\/div>\t\t<\/div>\n\t\t\t\t<\/div>\n\t\t\t\t\t<\/div>\n\t\t<\/div>\n\t\t\t\t\t\t\t<\/div>\n\t\t<\/section>\n\t\t\t\t<section class=\"elementor-section elementor-top-section elementor-element elementor-element-42e4713 elementor-section-boxed elementor-section-height-default elementor-section-height-default\" data-id=\"42e4713\" data-element_type=\"section\">\n\t\t\t\t\t\t<div class=\"elementor-container elementor-column-gap-default\">\n\t\t\t\t\t<div class=\"elementor-column elementor-col-50 elementor-top-column elementor-element elementor-element-3620f3f\" data-id=\"3620f3f\" data-element_type=\"column\">\n\t\t\t<div class=\"elementor-widget-wrap elementor-element-populated\">\n\t\t\t\t\t\t\t\t<div class=\"elementor-element elementor-element-250550a elementor-invisible elementor-widget elementor-widget-image\" data-id=\"250550a\" data-element_type=\"widget\" data-settings=\"{&quot;_animation&quot;:&quot;fadeInLeft&quot;}\" data-widget_type=\"image.default\">\n\t\t\t\t<div class=\"elementor-widget-container\">\n\t\t\t<style>\/*! elementor - v3.18.0 - 20-12-2023 *\/\n.elementor-widget-image{text-align:center}.elementor-widget-image a{display:inline-block}.elementor-widget-image a img[src$=\".svg\"]{width:48px}.elementor-widget-image img{vertical-align:middle;display:inline-block}<\/style>\t\t\t\t\t\t\t\t\t\t\t\t<img fetchpriority=\"high\" decoding=\"async\" width=\"768\" height=\"512\" src=\"https:\/\/clubdeclasesypolicias.com.ec\/wp-content\/uploads\/2025\/12\/Fiscalizacion-2025-768x512.jpg\" class=\"attachment-medium_large size-medium_large wp-image-8720\" alt=\"\" srcset=\"https:\/\/clubdeclasesypolicias.com.ec\/wp-content\/uploads\/2025\/12\/Fiscalizacion-2025-768x512.jpg 768w, https:\/\/clubdeclasesypolicias.com.ec\/wp-content\/uploads\/2025\/12\/Fiscalizacion-2025-300x200.jpg 300w, https:\/\/clubdeclasesypolicias.com.ec\/wp-content\/uploads\/2025\/12\/Fiscalizacion-2025-1024x683.jpg 1024w, https:\/\/clubdeclasesypolicias.com.ec\/wp-content\/uploads\/2025\/12\/Fiscalizacion-2025-1536x1024.jpg 1536w, https:\/\/clubdeclasesypolicias.com.ec\/wp-content\/uploads\/2025\/12\/Fiscalizacion-2025-2048x1365.jpg 2048w\" sizes=\"(max-width: 768px) 100vw, 768px\" \/>\t\t\t\t\t\t\t\t\t\t\t\t\t\t\t<\/div>\n\t\t\t\t<\/div>\n\t\t\t\t\t<\/div>\n\t\t<\/div>\n\t\t\t\t<div class=\"elementor-column elementor-col-50 elementor-top-column elementor-element elementor-element-8fb2964 elementor-invisible\" data-id=\"8fb2964\" data-element_type=\"column\" data-settings=\"{&quot;animation&quot;:&quot;fadeInRight&quot;}\">\n\t\t\t<div class=\"elementor-widget-wrap elementor-element-populated\">\n\t\t\t\t\t\t\t\t<div class=\"elementor-element elementor-element-bf47d28 elementor-widget elementor-widget-jkit_heading\" data-id=\"bf47d28\" data-element_type=\"widget\" data-widget_type=\"jkit_heading.default\">\n\t\t\t\t<div class=\"elementor-widget-container\">\n\t\t\t<div  class=\"jeg-elementor-kit jkit-heading  align-left align-tablet- align-mobile- jeg_module__1_69e59ec6e575d\" ><div class=\"heading-section-title  display-inline-block\"><h2 class=\"heading-title\">Nuestro equipo de trabajo<\/h2><\/div><div class=\"heading-section-description\"><p>Aqu\u00ed presentamos a los honorables miembros que conforman la Comisi\u00f3n de Fiscalizaci\u00f3n del Club de Clases y Polic\u00edas.<\/p><\/div><\/div>\t\t<\/div>\n\t\t\t\t<\/div>\n\t\t\t\t\t<\/div>\n\t\t<\/div>\n\t\t\t\t\t\t\t<\/div>\n\t\t<\/section>\n\t\t\t\t<section class=\"elementor-section elementor-top-section elementor-element elementor-element-bbe379b elementor-section-boxed elementor-section-height-default elementor-section-height-default\" data-id=\"bbe379b\" data-element_type=\"section\">\n\t\t\t\t\t\t\t<div class=\"elementor-background-overlay\"><\/div>\n\t\t\t\t\t\t\t<div class=\"elementor-container elementor-column-gap-default\">\n\t\t\t\t\t<div class=\"elementor-column elementor-col-100 elementor-top-column elementor-element elementor-element-1c42809\" data-id=\"1c42809\" data-element_type=\"column\">\n\t\t\t<div class=\"elementor-widget-wrap elementor-element-populated\">\n\t\t\t\t\t\t\t\t<div class=\"elementor-element elementor-element-253b9b0 elementor-invisible elementor-widget elementor-widget-jkit_heading\" data-id=\"253b9b0\" data-element_type=\"widget\" data-settings=\"{&quot;_animation&quot;:&quot;fadeIn&quot;}\" data-widget_type=\"jkit_heading.default\">\n\t\t\t\t<div class=\"elementor-widget-container\">\n\t\t\t<div  class=\"jeg-elementor-kit jkit-heading  align-center align-tablet- align-mobile- jeg_module__2_69e59ec6e63d8\" ><div class=\"heading-section-title  display-inline-block\"><h2 class=\"heading-title\">Conoce a Nuestra Comisi\u00f3n de Fiscalizaci\u00f3n<\/h2><\/div><div class=\"heading-section-description\"><\/div><\/div>\t\t<\/div>\n\t\t\t\t<\/div>\n\t\t\t\t<section class=\"elementor-section elementor-inner-section elementor-element elementor-element-6d5b48a elementor-section-boxed elementor-section-height-default elementor-section-height-default elementor-invisible\" data-id=\"6d5b48a\" data-element_type=\"section\" data-settings=\"{&quot;animation&quot;:&quot;fadeInUp&quot;}\">\n\t\t\t\t\t\t<div class=\"elementor-container elementor-column-gap-no\">\n\t\t\t\t\t<div class=\"elementor-column elementor-col-33 elementor-inner-column elementor-element elementor-element-f3b0c17\" data-id=\"f3b0c17\" data-element_type=\"column\">\n\t\t\t<div class=\"elementor-widget-wrap elementor-element-populated\">\n\t\t\t\t\t\t\t\t<div class=\"elementor-element elementor-element-97531fc elementor-widget elementor-widget-jkit_team\" data-id=\"97531fc\" data-element_type=\"widget\" data-widget_type=\"jkit_team.default\">\n\t\t\t\t<div class=\"elementor-widget-container\">\n\t\t\t<div  class=\"jeg-elementor-kit jkit-team style-title-horizontal  jeg_module__3_69e59ec6e8497\" ><div class=\"profile-card\"><img decoding=\"async\" src=\"https:\/\/clubdeclasesypolicias.com.ec\/wp-content\/uploads\/2025\/12\/BENALCAZAR-1.jpg\"  alt=\"Luis Benalc\u00e1zar\"><div class=\"image-hover-bg\"><\/div><div class=\"profile-body\">\n                <div class=\"title-wrapper\">\n\t\t\t\t\t<p class=\"profile-designation \">Presidente de la Comisi\u00f3n de Fiscalizaci\u00f3n<\/p>\n\t\t\t\t\t<p class=\"profile-content\">Abogado nacido en Ibarra, Imbabura, el 10 de mayo de 1975. Cuenta con m\u00e1s de 28 a\u00f1os de servicio profesional. Ha desempe\u00f1ado funciones en juzgados policiales, Asuntos Internos y Cesant\u00eda de la Polic\u00eda Nacional. Fue Asamble\u00edsta por la Subsede Imbabura y orienta su gesti\u00f3n al correcto manejo de los recursos del CCP.<\/p>\n\t\t\t\t<\/div>\n\t\t\t\t<div class=\"name-wrapper\">\n\t\t\t\t\t<h3 class=\"profile-title\">Luis Benalc\u00e1zar<\/h3>\n\t\t\t\t\t<ul class=\"social-list\"><\/ul>\n\t\t\t\t<\/div>\n            <\/div><\/div><\/div>\t\t<\/div>\n\t\t\t\t<\/div>\n\t\t\t\t\t<\/div>\n\t\t<\/div>\n\t\t\t\t<div class=\"elementor-column elementor-col-33 elementor-inner-column elementor-element elementor-element-7d63d27\" data-id=\"7d63d27\" data-element_type=\"column\">\n\t\t\t<div class=\"elementor-widget-wrap elementor-element-populated\">\n\t\t\t\t\t\t\t\t<div class=\"elementor-element elementor-element-b161a3d elementor-widget elementor-widget-jkit_team\" data-id=\"b161a3d\" data-element_type=\"widget\" data-widget_type=\"jkit_team.default\">\n\t\t\t\t<div class=\"elementor-widget-container\">\n\t\t\t<div  class=\"jeg-elementor-kit jkit-team style-title-horizontal  jeg_module__4_69e59ec6e9207\" ><div class=\"profile-card\"><img decoding=\"async\" src=\"https:\/\/clubdeclasesypolicias.com.ec\/wp-content\/uploads\/2025\/12\/GOMEZ.jpg\"  alt=\"Xavier G\u00f3mez\"><div class=\"image-hover-bg\"><\/div><div class=\"profile-body\">\n                <div class=\"title-wrapper\">\n\t\t\t\t\t<p class=\"profile-designation \">1er Vocal Principal COMISI\u00d3N FISCALIZACI\u00d3N<\/p>\n\t\t\t\t\t<p class=\"profile-content\">Ingeniero en Marketing y Negociaci\u00f3n Comercial Internacional, con formaci\u00f3n en Comunicaci\u00f3n Estrat\u00e9gica. Cumpli\u00f3 22 a\u00f1os de servicio en la Polic\u00eda Nacional, alcanzando el grado de Sargento Primero. Se desempe\u00f1\u00f3 como Analista de Marketing y docente institucional.<\/p>\n\t\t\t\t<\/div>\n\t\t\t\t<div class=\"name-wrapper\">\n\t\t\t\t\t<h3 class=\"profile-title\">Xavier G\u00f3mez<\/h3>\n\t\t\t\t\t<ul class=\"social-list\"><\/ul>\n\t\t\t\t<\/div>\n            <\/div><\/div><\/div>\t\t<\/div>\n\t\t\t\t<\/div>\n\t\t\t\t\t<\/div>\n\t\t<\/div>\n\t\t\t\t<div class=\"elementor-column elementor-col-33 elementor-inner-column elementor-element elementor-element-eca37be\" data-id=\"eca37be\" data-element_type=\"column\">\n\t\t\t<div class=\"elementor-widget-wrap elementor-element-populated\">\n\t\t\t\t\t\t\t\t<div class=\"elementor-element elementor-element-2e8cdf0 elementor-widget elementor-widget-jkit_team\" data-id=\"2e8cdf0\" data-element_type=\"widget\" data-widget_type=\"jkit_team.default\">\n\t\t\t\t<div class=\"elementor-widget-container\">\n\t\t\t<div  class=\"jeg-elementor-kit jkit-team style-title-horizontal  jeg_module__5_69e59ec6ea200\" ><div class=\"profile-card\"><img decoding=\"async\" src=\"https:\/\/clubdeclasesypolicias.com.ec\/wp-content\/uploads\/2025\/12\/CARDENAS-1.jpg\"  alt=\"Edwin C\u00e1rdenas \"><div class=\"image-hover-bg\"><\/div><div class=\"profile-body\">\n                <div class=\"title-wrapper\">\n\t\t\t\t\t<p class=\"profile-designation \">2do Vocal Principal Comisi\u00f3n de Fiscalizaci\u00f3n<\/p>\n\t\t\t\t\t<p class=\"profile-content\">Abogado de los tribunales del Ecuador, con maestr\u00eda en Gesti\u00f3n Empresarial. Naci\u00f3 en Ambato el 7 de octubre de 1974. Cuenta con 20 a\u00f1os de servicio policial. Ha sido asesor jur\u00eddico en Guayaquil, Tena y Zona 3, procurador s\u00edndico de Asopol y director jur\u00eddico en la Mancomunidad de Tr\u00e1nsito de Tungurahua provincial.<\/p>\n\t\t\t\t<\/div>\n\t\t\t\t<div class=\"name-wrapper\">\n\t\t\t\t\t<h3 class=\"profile-title\">Edwin C\u00e1rdenas <\/h3>\n\t\t\t\t\t<ul class=\"social-list\"><\/ul>\n\t\t\t\t<\/div>\n            <\/div><\/div><\/div>\t\t<\/div>\n\t\t\t\t<\/div>\n\t\t\t\t\t<\/div>\n\t\t<\/div>\n\t\t\t\t\t\t\t<\/div>\n\t\t<\/section>\n\t\t\t\t\t<\/div>\n\t\t<\/div>\n\t\t\t\t\t\t\t<\/div>\n\t\t<\/section>\n\t\t\t\t\t\t\t<\/div>\n\t\t","protected":false},"excerpt":{"rendered":"<p>Comisi\u00f3n de Fiscalizaci\u00f3n Nuestro equipo de trabajo Aqu\u00ed presentamos a los honorables miembros que conforman la Comisi\u00f3n de Fiscalizaci\u00f3n del Club de Clases y Polic\u00edas. Conoce a Nuestra Comisi\u00f3n de Fiscalizaci\u00f3n Presidente de la Comisi\u00f3n de Fiscalizaci\u00f3n Abogado nacido en Ibarra, Imbabura, el 10 de mayo de 1975. Cuenta con m\u00e1s de 28 a\u00f1os de [&hellip;]<\/p>\n","protected":false},"author":2,"featured_media":0,"parent":0,"menu_order":0,"comment_status":"closed","ping_status":"closed","template":"","meta":{"footnotes":""},"_links":{"self":[{"href":"https:\/\/clubdeclasesypolicias.com.ec\/index.php\/wp-json\/wp\/v2\/pages\/3116"}],"collection":[{"href":"https:\/\/clubdeclasesypolicias.com.ec\/index.php\/wp-json\/wp\/v2\/pages"}],"about":[{"href":"https:\/\/clubdeclasesypolicias.com.ec\/index.php\/wp-json\/wp\/v2\/types\/page"}],"author":[{"embeddable":true,"href":"https:\/\/clubdeclasesypolicias.com.ec\/index.php\/wp-json\/wp\/v2\/users\/2"}],"replies":[{"embeddable":true,"href":"https:\/\/clubdeclasesypolicias.com.ec\/index.php\/wp-json\/wp\/v2\/comments?post=3116"}],"version-history":[{"count":25,"href":"https:\/\/clubdeclasesypolicias.com.ec\/index.php\/wp-json\/wp\/v2\/pages\/3116\/revisions"}],"predecessor-version":[{"id":8757,"href":"https:\/\/clubdeclasesypolicias.com.ec\/index.php\/wp-json\/wp\/v2\/pages\/3116\/revisions\/8757"}],"wp:attachment":[{"href":"https:\/\/clubdeclasesypolicias.com.ec\/index.php\/wp-json\/wp\/v2\/media?parent=3116"}],"curies":[{"name":"wp","href":"https:\/\/api.w.org\/{rel}","templated":true}]}}