{"id":3103,"date":"2023-09-26T09:43:00","date_gmt":"2023-09-26T14:43:00","guid":{"rendered":"https:\/\/clubdeclasesypolicias.com.ec\/?page_id=3103"},"modified":"2024-08-27T15:43:39","modified_gmt":"2024-08-27T20:43:39","slug":"elementor-3103","status":"publish","type":"page","link":"https:\/\/clubdeclasesypolicias.com.ec\/index.php\/elementor-3103\/","title":{"rendered":"Valores"},"content":{"rendered":"\t\t<div data-elementor-type=\"wp-page\" data-elementor-id=\"3103\" class=\"elementor elementor-3103\" data-elementor-post-type=\"page\">\n\t\t\t\t\t\t\t\t\t<section class=\"elementor-section elementor-top-section elementor-element elementor-element-093c254 elementor-section-boxed elementor-section-height-default elementor-section-height-default elementor-invisible\" data-id=\"093c254\" data-element_type=\"section\" data-settings=\"{&quot;animation&quot;:&quot;fadeInUp&quot;}\">\n\t\t\t\t\t\t<div class=\"elementor-container elementor-column-gap-default\">\n\t\t\t\t\t<div class=\"elementor-column elementor-col-100 elementor-top-column elementor-element elementor-element-5aa704a\" data-id=\"5aa704a\" data-element_type=\"column\">\n\t\t\t<div class=\"elementor-widget-wrap elementor-element-populated\">\n\t\t\t\t\t\t\t\t<div class=\"elementor-element elementor-element-f180874 elementor-widget elementor-widget-heading\" data-id=\"f180874\" data-element_type=\"widget\" data-widget_type=\"heading.default\">\n\t\t\t\t<div class=\"elementor-widget-container\">\n\t\t\t<style>\/*! elementor - v3.18.0 - 20-12-2023 *\/\n.elementor-heading-title{padding:0;margin:0;line-height:1}.elementor-widget-heading .elementor-heading-title[class*=elementor-size-]>a{color:inherit;font-size:inherit;line-height:inherit}.elementor-widget-heading .elementor-heading-title.elementor-size-small{font-size:15px}.elementor-widget-heading .elementor-heading-title.elementor-size-medium{font-size:19px}.elementor-widget-heading .elementor-heading-title.elementor-size-large{font-size:29px}.elementor-widget-heading .elementor-heading-title.elementor-size-xl{font-size:39px}.elementor-widget-heading .elementor-heading-title.elementor-size-xxl{font-size:59px}<\/style><h2 class=\"elementor-heading-title elementor-size-default\">Valores<\/h2>\t\t<\/div>\n\t\t\t\t<\/div>\n\t\t\t\t<div class=\"elementor-element elementor-element-a24b0a1 elementor-widget__width-initial elementor-widget elementor-widget-text-editor\" data-id=\"a24b0a1\" data-element_type=\"widget\" data-widget_type=\"text-editor.default\">\n\t\t\t\t<div class=\"elementor-widget-container\">\n\t\t\t<style>\/*! elementor - v3.18.0 - 20-12-2023 *\/\n.elementor-widget-text-editor.elementor-drop-cap-view-stacked .elementor-drop-cap{background-color:#69727d;color:#fff}.elementor-widget-text-editor.elementor-drop-cap-view-framed .elementor-drop-cap{color:#69727d;border:3px solid;background-color:transparent}.elementor-widget-text-editor:not(.elementor-drop-cap-view-default) .elementor-drop-cap{margin-top:8px}.elementor-widget-text-editor:not(.elementor-drop-cap-view-default) .elementor-drop-cap-letter{width:1em;height:1em}.elementor-widget-text-editor .elementor-drop-cap{float:left;text-align:center;line-height:1;font-size:50px}.elementor-widget-text-editor .elementor-drop-cap-letter{display:inline-block}<\/style>\t\t\t\t<p style=\"text-align: justify; color: black;\">El Club de Clases y Polic\u00edas tiene como a la Calidad en nuestro sistema de gesti\u00f3n, el cual est\u00e1 orientado hacia el proceso de mejora continua, que nos sirve como instrumento en el cambio hacia la excelencia y dedicamos nuestros esfuerzos a conocer y satisfacer las necesidades de nuestros socios, proporcion\u00e1ndoles un servicio de calidad que cumpla con sus expectativas. Innovando la mejora continua a trav\u00e9s de la modernizaci\u00f3n constante de los medios, la formaci\u00f3n continua del personal y la mejora de la infraestructura, aporta valor a\u00f1adido a las prestaciones ofrecidas.<\/p><p><span style=\"color: #000000;\">Nuestros valores corporativos son:<\/span><\/p><ul><li><span style=\"color: #000000;\">Honestidad, Trabajo y Efectividad.<\/span><\/li><li><span style=\"color: #000000;\">Solidaridad, Compa\u00f1erismo y Calidad Humana.<\/span><\/li><li><span style=\"color: #000000;\">Lealtad, Disciplina y \u00c9tica.<\/span><\/li><li><span style=\"color: #000000;\">Responsabilidad y Rendici\u00f3n de cuentas.<\/span><\/li><li><span style=\"color: #000000;\">Dinamismo, Empe\u00f1o, Tenacidad.<\/span><\/li><\/ul>\t\t\t\t\t\t<\/div>\n\t\t\t\t<\/div>\n\t\t\t\t\t<\/div>\n\t\t<\/div>\n\t\t\t\t\t\t\t<\/div>\n\t\t<\/section>\n\t\t\t\t\t\t\t<\/div>\n\t\t","protected":false},"excerpt":{"rendered":"<p>Valores El Club de Clases y Polic\u00edas tiene como a la Calidad en nuestro sistema de gesti\u00f3n, el cual est\u00e1 orientado hacia el proceso de mejora continua, que nos sirve como instrumento en el cambio hacia la excelencia y dedicamos nuestros esfuerzos a conocer y satisfacer las necesidades de nuestros socios, proporcion\u00e1ndoles un servicio de [&hellip;]<\/p>\n","protected":false},"author":2,"featured_media":0,"parent":0,"menu_order":0,"comment_status":"closed","ping_status":"closed","template":"","meta":{"footnotes":""},"_links":{"self":[{"href":"https:\/\/clubdeclasesypolicias.com.ec\/index.php\/wp-json\/wp\/v2\/pages\/3103"}],"collection":[{"href":"https:\/\/clubdeclasesypolicias.com.ec\/index.php\/wp-json\/wp\/v2\/pages"}],"about":[{"href":"https:\/\/clubdeclasesypolicias.com.ec\/index.php\/wp-json\/wp\/v2\/types\/page"}],"author":[{"embeddable":true,"href":"https:\/\/clubdeclasesypolicias.com.ec\/index.php\/wp-json\/wp\/v2\/users\/2"}],"replies":[{"embeddable":true,"href":"https:\/\/clubdeclasesypolicias.com.ec\/index.php\/wp-json\/wp\/v2\/comments?post=3103"}],"version-history":[{"count":23,"href":"https:\/\/clubdeclasesypolicias.com.ec\/index.php\/wp-json\/wp\/v2\/pages\/3103\/revisions"}],"predecessor-version":[{"id":7787,"href":"https:\/\/clubdeclasesypolicias.com.ec\/index.php\/wp-json\/wp\/v2\/pages\/3103\/revisions\/7787"}],"wp:attachment":[{"href":"https:\/\/clubdeclasesypolicias.com.ec\/index.php\/wp-json\/wp\/v2\/media?parent=3103"}],"curies":[{"name":"wp","href":"https:\/\/api.w.org\/{rel}","templated":true}]}}