{"id":1282,"date":"2023-07-18T09:29:46","date_gmt":"2023-07-18T14:29:46","guid":{"rendered":"https:\/\/clubdeclasesypolicias.com.ec\/?page_id=1282"},"modified":"2026-01-20T13:09:12","modified_gmt":"2026-01-20T18:09:12","slug":"autoridades","status":"publish","type":"page","link":"https:\/\/clubdeclasesypolicias.com.ec\/index.php\/autoridades\/","title":{"rendered":"Directorio Nacional"},"content":{"rendered":"\t\t<div data-elementor-type=\"wp-page\" data-elementor-id=\"1282\" class=\"elementor elementor-1282\" data-elementor-post-type=\"page\">\n\t\t\t\t\t\t\t\t\t<section class=\"elementor-section elementor-top-section elementor-element elementor-element-7ec5b148 elementor-section-boxed elementor-section-height-default elementor-section-height-default\" data-id=\"7ec5b148\" data-element_type=\"section\" data-settings=\"{&quot;background_background&quot;:&quot;classic&quot;}\">\n\t\t\t\t\t\t\t<div class=\"elementor-background-overlay\"><\/div>\n\t\t\t\t\t\t\t<div class=\"elementor-container elementor-column-gap-default\">\n\t\t\t\t\t<div class=\"elementor-column elementor-col-100 elementor-top-column elementor-element elementor-element-6a814468\" data-id=\"6a814468\" data-element_type=\"column\">\n\t\t\t<div class=\"elementor-widget-wrap elementor-element-populated\">\n\t\t\t\t\t\t\t\t<div class=\"elementor-element elementor-element-2034c8f elementor-invisible elementor-widget elementor-widget-jkit_heading\" data-id=\"2034c8f\" data-element_type=\"widget\" data-settings=\"{&quot;_animation&quot;:&quot;fadeIn&quot;}\" data-widget_type=\"jkit_heading.default\">\n\t\t\t\t<div class=\"elementor-widget-container\">\n\t\t\t<div  class=\"jeg-elementor-kit jkit-heading  align-center align-tablet- align-mobile- jeg_module___69e5b44da881c\" ><div class=\"heading-section-title  display-inline-block\"><h2 class=\"heading-title\">Directorio Nacional<\/h2><\/div><\/div>\t\t<\/div>\n\t\t\t\t<\/div>\n\t\t\t\t\t<\/div>\n\t\t<\/div>\n\t\t\t\t\t\t\t<\/div>\n\t\t<\/section>\n\t\t\t\t<section class=\"elementor-section elementor-top-section elementor-element elementor-element-56a33a98 elementor-section-boxed elementor-section-height-default elementor-section-height-default\" data-id=\"56a33a98\" data-element_type=\"section\">\n\t\t\t\t\t\t<div class=\"elementor-container elementor-column-gap-default\">\n\t\t\t\t\t<div class=\"elementor-column elementor-col-50 elementor-top-column elementor-element elementor-element-2a5f681\" data-id=\"2a5f681\" data-element_type=\"column\">\n\t\t\t<div class=\"elementor-widget-wrap elementor-element-populated\">\n\t\t\t\t\t\t\t\t<div class=\"elementor-element elementor-element-10859274 elementor-invisible elementor-widget elementor-widget-image\" data-id=\"10859274\" data-element_type=\"widget\" data-settings=\"{&quot;_animation&quot;:&quot;fadeInLeft&quot;}\" data-widget_type=\"image.default\">\n\t\t\t\t<div class=\"elementor-widget-container\">\n\t\t\t<style>\/*! elementor - v3.18.0 - 20-12-2023 *\/\n.elementor-widget-image{text-align:center}.elementor-widget-image a{display:inline-block}.elementor-widget-image a img[src$=\".svg\"]{width:48px}.elementor-widget-image img{vertical-align:middle;display:inline-block}<\/style>\t\t\t\t\t\t\t\t\t\t\t\t<img fetchpriority=\"high\" decoding=\"async\" width=\"768\" height=\"512\" src=\"https:\/\/clubdeclasesypolicias.com.ec\/wp-content\/uploads\/2025\/12\/Directorio-2025-768x512.jpg\" class=\"attachment-medium_large size-medium_large wp-image-8741\" alt=\"\" srcset=\"https:\/\/clubdeclasesypolicias.com.ec\/wp-content\/uploads\/2025\/12\/Directorio-2025-768x512.jpg 768w, https:\/\/clubdeclasesypolicias.com.ec\/wp-content\/uploads\/2025\/12\/Directorio-2025-300x200.jpg 300w, https:\/\/clubdeclasesypolicias.com.ec\/wp-content\/uploads\/2025\/12\/Directorio-2025-1024x683.jpg 1024w, https:\/\/clubdeclasesypolicias.com.ec\/wp-content\/uploads\/2025\/12\/Directorio-2025-1536x1024.jpg 1536w, https:\/\/clubdeclasesypolicias.com.ec\/wp-content\/uploads\/2025\/12\/Directorio-2025-2048x1365.jpg 2048w\" sizes=\"(max-width: 768px) 100vw, 768px\" \/>\t\t\t\t\t\t\t\t\t\t\t\t\t\t\t<\/div>\n\t\t\t\t<\/div>\n\t\t\t\t\t<\/div>\n\t\t<\/div>\n\t\t\t\t<div class=\"elementor-column elementor-col-50 elementor-top-column elementor-element elementor-element-314f39ce elementor-invisible\" data-id=\"314f39ce\" data-element_type=\"column\" data-settings=\"{&quot;animation&quot;:&quot;fadeInRight&quot;}\">\n\t\t\t<div class=\"elementor-widget-wrap elementor-element-populated\">\n\t\t\t\t\t\t\t\t<div class=\"elementor-element elementor-element-ce086e0 elementor-widget elementor-widget-jkit_heading\" data-id=\"ce086e0\" data-element_type=\"widget\" data-widget_type=\"jkit_heading.default\">\n\t\t\t\t<div class=\"elementor-widget-container\">\n\t\t\t<div  class=\"jeg-elementor-kit jkit-heading  align-left align-tablet- align-mobile- jeg_module__1_69e5b44dac244\" ><h3 class=\"heading-section-subtitle  style-color\">Autoridades<\/h3><div class=\"heading-section-title  display-inline-block\"><h2 class=\"heading-title\">Nuestras Autoridades Electas<\/h2><\/div><div class=\"heading-section-description\"><p>Aqu\u00ed tenemos a los honorables miembros que conforman el Directorio Nacional del Club de Clases y Polic\u00edas.<\/p><\/div><\/div>\t\t<\/div>\n\t\t\t\t<\/div>\n\t\t\t\t\t<\/div>\n\t\t<\/div>\n\t\t\t\t\t\t\t<\/div>\n\t\t<\/section>\n\t\t\t\t<section class=\"elementor-section elementor-top-section elementor-element elementor-element-16d60061 elementor-section-boxed elementor-section-height-default elementor-section-height-default\" data-id=\"16d60061\" data-element_type=\"section\">\n\t\t\t\t\t\t\t<div class=\"elementor-background-overlay\"><\/div>\n\t\t\t\t\t\t\t<div class=\"elementor-container elementor-column-gap-default\">\n\t\t\t\t\t<div class=\"elementor-column elementor-col-100 elementor-top-column elementor-element elementor-element-30392981\" data-id=\"30392981\" data-element_type=\"column\">\n\t\t\t<div class=\"elementor-widget-wrap elementor-element-populated\">\n\t\t\t\t\t\t\t\t<div class=\"elementor-element elementor-element-40a14d1b elementor-invisible elementor-widget elementor-widget-jkit_heading\" data-id=\"40a14d1b\" data-element_type=\"widget\" data-settings=\"{&quot;_animation&quot;:&quot;fadeIn&quot;}\" data-widget_type=\"jkit_heading.default\">\n\t\t\t\t<div class=\"elementor-widget-container\">\n\t\t\t<div  class=\"jeg-elementor-kit jkit-heading  align-center align-tablet- align-mobile- jeg_module__2_69e5b44dacf2f\" ><h3 class=\"heading-section-subtitle  style-color\">Nuestro Equipo<\/h3><div class=\"heading-section-title  display-inline-block\"><h2 class=\"heading-title\">Conoce a Nuestras Autoridades<\/h2><\/div><div class=\"heading-section-description\"><\/div><\/div>\t\t<\/div>\n\t\t\t\t<\/div>\n\t\t\t\t<section class=\"elementor-section elementor-inner-section elementor-element elementor-element-3dfb0240 elementor-section-boxed elementor-section-height-default elementor-section-height-default elementor-invisible\" data-id=\"3dfb0240\" data-element_type=\"section\" data-settings=\"{&quot;animation&quot;:&quot;fadeInUp&quot;}\">\n\t\t\t\t\t\t<div class=\"elementor-container elementor-column-gap-no\">\n\t\t\t\t\t<div class=\"elementor-column elementor-col-33 elementor-inner-column elementor-element elementor-element-7036b292\" data-id=\"7036b292\" data-element_type=\"column\">\n\t\t\t<div class=\"elementor-widget-wrap elementor-element-populated\">\n\t\t\t\t\t\t\t\t<div class=\"elementor-element elementor-element-00d9799 elementor-widget elementor-widget-jkit_team\" data-id=\"00d9799\" data-element_type=\"widget\" data-widget_type=\"jkit_team.default\">\n\t\t\t\t<div class=\"elementor-widget-container\">\n\t\t\t<div  class=\"jeg-elementor-kit jkit-team style-title-horizontal  jeg_module__3_69e5b44daf204\" ><div class=\"profile-card\"><img decoding=\"async\" src=\"https:\/\/clubdeclasesypolicias.com.ec\/wp-content\/uploads\/2025\/12\/jb-768x1156.png\"  alt=\"Jos\u00e9 Javier Bermeo Grijalva\"><div class=\"image-hover-bg\"><\/div><div class=\"profile-body\">\n                <div class=\"title-wrapper\">\n\t\t\t\t\t<p class=\"profile-designation \">PRESIDENTE<\/p>\n\t\t\t\t\t<p class=\"profile-content\">Oriundo de la Provincia de los R\u00edos Cant\u00f3n Valencia, el Sargento Primero de Polic\u00eda e Ingeniero en Sistemas cuenta con 23 a\u00f1os de Servicio Activo y es Agente Investigador de la DINASED Pastaza, presidente del Barrio Miraflores en Puyo Pastaza, adem\u00e1s es un miembro activo de la Federaci\u00f3n de barrios de la ciudad de Puyo.<\/p>\n\t\t\t\t<\/div>\n\t\t\t\t<div class=\"name-wrapper\">\n\t\t\t\t\t<h3 class=\"profile-title\">Jos\u00e9 Javier Bermeo Grijalva<\/h3>\n\t\t\t\t\t<ul class=\"social-list\"><\/ul>\n\t\t\t\t<\/div>\n            <\/div><\/div><\/div>\t\t<\/div>\n\t\t\t\t<\/div>\n\t\t\t\t\t<\/div>\n\t\t<\/div>\n\t\t\t\t<div class=\"elementor-column elementor-col-33 elementor-inner-column elementor-element elementor-element-5b1b0b68\" data-id=\"5b1b0b68\" data-element_type=\"column\">\n\t\t\t<div class=\"elementor-widget-wrap elementor-element-populated\">\n\t\t\t\t\t\t\t\t<div class=\"elementor-element elementor-element-6e583e5b elementor-widget elementor-widget-jkit_team\" data-id=\"6e583e5b\" data-element_type=\"widget\" data-widget_type=\"jkit_team.default\">\n\t\t\t\t<div class=\"elementor-widget-container\">\n\t\t\t<div  class=\"jeg-elementor-kit jkit-team style-title-horizontal  jeg_module__4_69e5b44db01d7\" ><div class=\"profile-card\"><img decoding=\"async\" src=\"https:\/\/clubdeclasesypolicias.com.ec\/wp-content\/uploads\/2025\/12\/RAQUEL-ALDAZ-1-768x691.png\"  alt=\"Raquel Aldaz Arias\"><div class=\"image-hover-bg\"><\/div><div class=\"profile-body\">\n                <div class=\"title-wrapper\">\n\t\t\t\t\t<p class=\"profile-designation \">VICEPRESIDENTA<\/p>\n\t\t\t\t\t<p class=\"profile-content\">Oriunda de la Provincia de Tungurahua, Cant\u00f3n Ambato, la Sargento Primero de Polic\u00eda S.P. es Licenciada en Ciencias de la Educaci\u00f3n, Mag\u00edster en gesti\u00f3n educativa y tambi\u00e9n en Intervenci\u00f3n social, cuenta con 22 a\u00f1os de Servicio Activo y los 6 \u00faltimos a\u00f1os labor\u00f3 en trabajo social en la Sub zona de Tungurahua.<\/p>\n\t\t\t\t<\/div>\n\t\t\t\t<div class=\"name-wrapper\">\n\t\t\t\t\t<h3 class=\"profile-title\">Raquel Aldaz Arias<\/h3>\n\t\t\t\t\t<ul class=\"social-list\"><\/ul>\n\t\t\t\t<\/div>\n            <\/div><\/div><\/div>\t\t<\/div>\n\t\t\t\t<\/div>\n\t\t\t\t\t<\/div>\n\t\t<\/div>\n\t\t\t\t<div class=\"elementor-column elementor-col-33 elementor-inner-column elementor-element elementor-element-579ef5f2\" data-id=\"579ef5f2\" data-element_type=\"column\">\n\t\t\t<div class=\"elementor-widget-wrap elementor-element-populated\">\n\t\t\t\t\t\t\t\t<div class=\"elementor-element elementor-element-2682335c elementor-widget elementor-widget-jkit_team\" data-id=\"2682335c\" data-element_type=\"widget\" data-widget_type=\"jkit_team.default\">\n\t\t\t\t<div class=\"elementor-widget-container\">\n\t\t\t<div  class=\"jeg-elementor-kit jkit-team style-title-horizontal  jeg_module__5_69e5b44db0f5e\" ><div class=\"profile-card\"><img decoding=\"async\" src=\"https:\/\/clubdeclasesypolicias.com.ec\/wp-content\/uploads\/2025\/12\/LOPEZ.jpg\"  alt=\"Kristian L\u00f3pez\"><div class=\"image-hover-bg\"><\/div><div class=\"profile-body\">\n                <div class=\"title-wrapper\">\n\t\t\t\t\t<p class=\"profile-designation \">1er VOCAL PRINCIPAL<\/p>\n\t\t\t\t\t<p class=\"profile-content\">Oriundo de la provincia de Tungurahua, cant\u00f3n Ambato, es egresado de la carrera de Derecho, cuenta con 21 a\u00f1os de trayectoria institucional, con experiencia en inteligencia, contrainteligencia y Asuntos Internos, y se ha destacado por su gesti\u00f3n administrativa y fortalecimiento institucional en el Club de Clases y Polic\u00edas.<\/p>\n\t\t\t\t<\/div>\n\t\t\t\t<div class=\"name-wrapper\">\n\t\t\t\t\t<h3 class=\"profile-title\">Kristian L\u00f3pez<\/h3>\n\t\t\t\t\t<ul class=\"social-list\"><\/ul>\n\t\t\t\t<\/div>\n            <\/div><\/div><\/div>\t\t<\/div>\n\t\t\t\t<\/div>\n\t\t\t\t\t<\/div>\n\t\t<\/div>\n\t\t\t\t\t\t\t<\/div>\n\t\t<\/section>\n\t\t\t\t\t<\/div>\n\t\t<\/div>\n\t\t\t\t\t\t\t<\/div>\n\t\t<\/section>\n\t\t\t\t<section class=\"elementor-section elementor-top-section elementor-element elementor-element-ebb3ef0 elementor-section-boxed elementor-section-height-default elementor-section-height-default\" data-id=\"ebb3ef0\" data-element_type=\"section\">\n\t\t\t\t\t\t<div class=\"elementor-container elementor-column-gap-default\">\n\t\t\t\t\t<div class=\"elementor-column elementor-col-100 elementor-top-column elementor-element elementor-element-4bff5a0\" data-id=\"4bff5a0\" data-element_type=\"column\">\n\t\t\t<div class=\"elementor-widget-wrap elementor-element-populated\">\n\t\t\t\t\t\t\t\t<section class=\"elementor-section elementor-inner-section elementor-element elementor-element-3742253 elementor-section-boxed elementor-section-height-default elementor-section-height-default elementor-invisible\" data-id=\"3742253\" data-element_type=\"section\" data-settings=\"{&quot;animation&quot;:&quot;fadeInUp&quot;}\">\n\t\t\t\t\t\t<div class=\"elementor-container elementor-column-gap-no\">\n\t\t\t\t\t<div class=\"elementor-column elementor-col-25 elementor-inner-column elementor-element elementor-element-3889e67\" data-id=\"3889e67\" data-element_type=\"column\">\n\t\t\t<div class=\"elementor-widget-wrap\">\n\t\t\t\t\t\t\t\t\t<\/div>\n\t\t<\/div>\n\t\t\t\t<div class=\"elementor-column elementor-col-25 elementor-inner-column elementor-element elementor-element-d9f2a35\" data-id=\"d9f2a35\" data-element_type=\"column\">\n\t\t\t<div class=\"elementor-widget-wrap elementor-element-populated\">\n\t\t\t\t\t\t\t\t<div class=\"elementor-element elementor-element-1027c1d elementor-widget__width-initial elementor-widget elementor-widget-jkit_team\" data-id=\"1027c1d\" data-element_type=\"widget\" data-widget_type=\"jkit_team.default\">\n\t\t\t\t<div class=\"elementor-widget-container\">\n\t\t\t<div  class=\"jeg-elementor-kit jkit-team style-title-horizontal  jeg_module__6_69e5b44db25f5\" ><div class=\"profile-card\"><img decoding=\"async\" src=\"https:\/\/clubdeclasesypolicias.com.ec\/wp-content\/uploads\/2026\/01\/WhatsApp-Image-2026-01-20-at-11.59.13-AM-1-1-768x701.jpg\"  alt=\"Luc\u00eda Medina \"><div class=\"image-hover-bg\"><\/div><div class=\"profile-body\">\n                <div class=\"title-wrapper\">\n\t\t\t\t\t<p class=\"profile-designation \">2do VOCAL PRINCIPAL<\/p>\n\t\t\t\t\t<p class=\"profile-content\">Oriunda de Pichincha, cant\u00f3n Quito, es Psic\u00f3loga General con maestr\u00eda en Psicolog\u00eda Cl\u00ednica y Neurociencia por la Universidad Guglielmo Marconi de Italia. Tiene 20 a\u00f1os de servicio en la Polic\u00eda Nacional y actualmente es Coordinadora de Polic\u00eda Comunitaria en Dur\u00e1n y Presidenta del Club Deportivo.<\/p>\n\t\t\t\t<\/div>\n\t\t\t\t<div class=\"name-wrapper\">\n\t\t\t\t\t<h3 class=\"profile-title\">Luc\u00eda Medina <\/h3>\n\t\t\t\t\t<ul class=\"social-list\"><\/ul>\n\t\t\t\t<\/div>\n            <\/div><\/div><\/div>\t\t<\/div>\n\t\t\t\t<\/div>\n\t\t\t\t\t<\/div>\n\t\t<\/div>\n\t\t\t\t<div class=\"elementor-column elementor-col-25 elementor-inner-column elementor-element elementor-element-a20d699\" data-id=\"a20d699\" data-element_type=\"column\">\n\t\t\t<div class=\"elementor-widget-wrap elementor-element-populated\">\n\t\t\t\t\t\t\t\t<div class=\"elementor-element elementor-element-932dda8 elementor-widget__width-initial elementor-widget elementor-widget-jkit_team\" data-id=\"932dda8\" data-element_type=\"widget\" data-widget_type=\"jkit_team.default\">\n\t\t\t\t<div class=\"elementor-widget-container\">\n\t\t\t<div  class=\"jeg-elementor-kit jkit-team style-title-horizontal  jeg_module__7_69e5b44dc0d37\" ><div class=\"profile-card\"><img decoding=\"async\" src=\"https:\/\/clubdeclasesypolicias.com.ec\/wp-content\/uploads\/2025\/12\/IBETH-LOPEZ-1.jpg\"  alt=\"Ibeth L\u00f3pez\"><div class=\"image-hover-bg\"><\/div><div class=\"profile-body\">\n                <div class=\"title-wrapper\">\n\t\t\t\t\t<p class=\"profile-designation \">3er VOCAL PRINCIPAL<\/p>\n\t\t\t\t\t<p class=\"profile-content\">Oriunda de Echeand\u00eda, provincia de Bol\u00edvar, es Mag\u00edster e Ingeniera en Administraci\u00f3n de Empresas.\nCuenta con 15 a\u00f1os de trayectoria profesional e institucional en los \u00e1mbitos operativo, anal\u00edtico y directivo.\nSe destaca por su liderazgo, gesti\u00f3n organizacional y fortalecimiento institucional.<\/p>\n\t\t\t\t<\/div>\n\t\t\t\t<div class=\"name-wrapper\">\n\t\t\t\t\t<h3 class=\"profile-title\">Ibeth L\u00f3pez<\/h3>\n\t\t\t\t\t<ul class=\"social-list\"><\/ul>\n\t\t\t\t<\/div>\n            <\/div><\/div><\/div>\t\t<\/div>\n\t\t\t\t<\/div>\n\t\t\t\t\t<\/div>\n\t\t<\/div>\n\t\t\t\t<div class=\"elementor-column elementor-col-25 elementor-inner-column elementor-element elementor-element-1948ee3\" data-id=\"1948ee3\" data-element_type=\"column\">\n\t\t\t<div class=\"elementor-widget-wrap\">\n\t\t\t\t\t\t\t\t\t<\/div>\n\t\t<\/div>\n\t\t\t\t\t\t\t<\/div>\n\t\t<\/section>\n\t\t\t\t\t<\/div>\n\t\t<\/div>\n\t\t\t\t\t\t\t<\/div>\n\t\t<\/section>\n\t\t\t\t\t\t\t<\/div>\n\t\t","protected":false},"excerpt":{"rendered":"<p>Directorio Nacional Autoridades Nuestras Autoridades Electas Aqu\u00ed tenemos a los honorables miembros que conforman el Directorio Nacional del Club de Clases y Polic\u00edas. Nuestro Equipo Conoce a Nuestras Autoridades PRESIDENTE Oriundo de la Provincia de los R\u00edos Cant\u00f3n Valencia, el Sargento Primero de Polic\u00eda e Ingeniero en Sistemas cuenta con 23 a\u00f1os de Servicio Activo [&hellip;]<\/p>\n","protected":false},"author":2,"featured_media":0,"parent":0,"menu_order":0,"comment_status":"closed","ping_status":"closed","template":"","meta":{"footnotes":""},"_links":{"self":[{"href":"https:\/\/clubdeclasesypolicias.com.ec\/index.php\/wp-json\/wp\/v2\/pages\/1282"}],"collection":[{"href":"https:\/\/clubdeclasesypolicias.com.ec\/index.php\/wp-json\/wp\/v2\/pages"}],"about":[{"href":"https:\/\/clubdeclasesypolicias.com.ec\/index.php\/wp-json\/wp\/v2\/types\/page"}],"author":[{"embeddable":true,"href":"https:\/\/clubdeclasesypolicias.com.ec\/index.php\/wp-json\/wp\/v2\/users\/2"}],"replies":[{"embeddable":true,"href":"https:\/\/clubdeclasesypolicias.com.ec\/index.php\/wp-json\/wp\/v2\/comments?post=1282"}],"version-history":[{"count":102,"href":"https:\/\/clubdeclasesypolicias.com.ec\/index.php\/wp-json\/wp\/v2\/pages\/1282\/revisions"}],"predecessor-version":[{"id":8886,"href":"https:\/\/clubdeclasesypolicias.com.ec\/index.php\/wp-json\/wp\/v2\/pages\/1282\/revisions\/8886"}],"wp:attachment":[{"href":"https:\/\/clubdeclasesypolicias.com.ec\/index.php\/wp-json\/wp\/v2\/media?parent=1282"}],"curies":[{"name":"wp","href":"https:\/\/api.w.org\/{rel}","templated":true}]}}